{"id":84,"date":"2023-09-17T18:43:28","date_gmt":"2023-09-17T16:43:28","guid":{"rendered":"https:\/\/secondregart.com\/?page_id=84"},"modified":"2025-02-21T13:41:12","modified_gmt":"2025-02-21T12:41:12","slug":"decoration-interieur","status":"publish","type":"page","link":"https:\/\/secondregart.com\/index.php\/decoration-interieur\/","title":{"rendered":"D\u00e9coration"},"content":{"rendered":"<p>[et_pb_section fb_built=\u00a0\u00bb1&Prime; admin_label=\u00a0\u00bbsection\u00a0\u00bb _builder_version=\u00a0\u00bb4.24.0&Prime; background_color=\u00a0\u00bb#ece6db\u00a0\u00bb global_colors_info=\u00a0\u00bb{}\u00a0\u00bb][et_pb_row admin_label=\u00a0\u00bbrow\u00a0\u00bb _builder_version=\u00a0\u00bb4.24.0&Prime; background_size=\u00a0\u00bbinitial\u00a0\u00bb background_position=\u00a0\u00bbtop_left\u00a0\u00bb background_repeat=\u00a0\u00bbrepeat\u00a0\u00bb global_colors_info=\u00a0\u00bb{}\u00a0\u00bb][et_pb_column type=\u00a0\u00bb4_4&Prime; _builder_version=\u00a0\u00bb4.16&Prime; custom_padding=\u00a0\u00bb|||\u00a0\u00bb global_colors_info=\u00a0\u00bb{}\u00a0\u00bb custom_padding__hover=\u00a0\u00bb|||\u00a0\u00bb][et_pb_text _builder_version=\u00a0\u00bb4.25.2&Prime; _module_preset=\u00a0\u00bbdefault\u00a0\u00bb text_font_size=\u00a0\u00bb37px\u00a0\u00bb global_colors_info=\u00a0\u00bb{}\u00a0\u00bb]<\/p>\n<p style=\"text-align: center;\">D\u00e9coration<\/p>\n<p>[\/et_pb_text][\/et_pb_column][\/et_pb_row][et_pb_row column_structure=\u00a0\u00bb1_2,1_2&Prime; _builder_version=\u00a0\u00bb4.25.2&Prime; _module_preset=\u00a0\u00bbdefault\u00a0\u00bb global_colors_info=\u00a0\u00bb{}\u00a0\u00bb][et_pb_column type=\u00a0\u00bb1_2&Prime; _builder_version=\u00a0\u00bb4.25.2&Prime; _module_preset=\u00a0\u00bbdefault\u00a0\u00bb global_colors_info=\u00a0\u00bb{}\u00a0\u00bb][et_pb_image src=\u00a0\u00bbhttps:\/\/secondregart.com\/wp-content\/uploads\/2023\/10\/logo-deco.png\u00a0\u00bb title_text=\u00a0\u00bblogo-deco\u00a0\u00bb align=\u00a0\u00bbcenter\u00a0\u00bb _builder_version=\u00a0\u00bb4.25.2&Prime; _module_preset=\u00a0\u00bbdefault\u00a0\u00bb global_colors_info=\u00a0\u00bb{}\u00a0\u00bb][\/et_pb_image][et_pb_button button_url=\u00a0\u00bb@ET-DC@eyJkeW5hbWljIjp0cnVlLCJjb250ZW50IjoicG9zdF9saW5rX3VybF9wYWdlIiwic2V0dGluZ3MiOnsicG9zdF9pZCI6IjEzMDkifX0=@\u00a0\u00bb button_text=\u00a0\u00bbD\u00e9coration d&rsquo;int\u00e9rieur\u00a0\u00bb button_alignment=\u00a0\u00bbcenter\u00a0\u00bb _builder_version=\u00a0\u00bb4.25.2&Prime; _module_preset=\u00a0\u00bbdefault\u00a0\u00bb custom_button=\u00a0\u00bbon\u00a0\u00bb button_border_radius=\u00a0\u00bb30px\u00a0\u00bb hover_enabled=\u00a0\u00bb0&Prime; global_colors_info=\u00a0\u00bb{}\u00a0\u00bb _dynamic_attributes=\u00a0\u00bbbutton_url\u00a0\u00bb sticky_enabled=\u00a0\u00bb0&Prime;][\/et_pb_button][\/et_pb_column][et_pb_column type=\u00a0\u00bb1_2&Prime; _builder_version=\u00a0\u00bb4.25.2&Prime; _module_preset=\u00a0\u00bbdefault\u00a0\u00bb global_colors_info=\u00a0\u00bb{}\u00a0\u00bb][et_pb_image src=\u00a0\u00bbhttps:\/\/secondregart.com\/wp-content\/uploads\/2025\/02\/logo-loc-deco.jpg\u00a0\u00bb title_text=\u00a0\u00bblogo loc d\u00e9co\u00a0\u00bb align=\u00a0\u00bbcenter\u00a0\u00bb _builder_version=\u00a0\u00bb4.25.2&Prime; _module_preset=\u00a0\u00bbdefault\u00a0\u00bb width=\u00a0\u00bb28%\u00a0\u00bb global_colors_info=\u00a0\u00bb{}\u00a0\u00bb][\/et_pb_image][et_pb_button button_text=\u00a0\u00bbd\u00e9coration \u00e9v\u00e8nementiels\u00a0\u00bb button_alignment=\u00a0\u00bbcenter\u00a0\u00bb _builder_version=\u00a0\u00bb4.25.2&Prime; _module_preset=\u00a0\u00bbdefault\u00a0\u00bb custom_button=\u00a0\u00bbon\u00a0\u00bb button_border_radius=\u00a0\u00bb30px\u00a0\u00bb global_colors_info=\u00a0\u00bb{}\u00a0\u00bb][\/et_pb_button][\/et_pb_column][\/et_pb_row][et_pb_row _builder_version=\u00a0\u00bb4.25.2&Prime; _module_preset=\u00a0\u00bbdefault\u00a0\u00bb global_colors_info=\u00a0\u00bb{}\u00a0\u00bb][et_pb_column type=\u00a0\u00bb4_4&Prime; _builder_version=\u00a0\u00bb4.25.2&Prime; _module_preset=\u00a0\u00bbdefault\u00a0\u00bb global_colors_info=\u00a0\u00bb{}\u00a0\u00bb][et_pb_text _builder_version=\u00a0\u00bb4.25.2&Prime; _module_preset=\u00a0\u00bbdefault\u00a0\u00bb custom_margin=\u00a0\u00bb61px||||false|false\u00a0\u00bb global_colors_info=\u00a0\u00bb{}\u00a0\u00bb]<\/p>\n<h3>Articles<\/h3>\n<p>[\/et_pb_text][\/et_pb_column][\/et_pb_row][et_pb_row column_structure=\u00a0\u00bb1_3,1_3,1_3&Prime; _builder_version=\u00a0\u00bb4.25.2&Prime; _module_preset=\u00a0\u00bbdefault\u00a0\u00bb global_colors_info=\u00a0\u00bb{}\u00a0\u00bb][et_pb_column type=\u00a0\u00bb1_3&Prime; _builder_version=\u00a0\u00bb4.25.2&Prime; _module_preset=\u00a0\u00bbdefault\u00a0\u00bb global_colors_info=\u00a0\u00bb{}\u00a0\u00bb][et_pb_button button_url=\u00a0\u00bbhttps:\/\/www.facebook.com\/reel\/766584565574247\/?s=fb_shorts_tab&#038;stack_idx=0&Prime; url_new_window=\u00a0\u00bbon\u00a0\u00bb button_text=\u00a0\u00bbProjet Point Info Tourisme\u00a0\u00bb _builder_version=\u00a0\u00bb4.25.2&Prime; _module_preset=\u00a0\u00bbdefault\u00a0\u00bb custom_button=\u00a0\u00bbon\u00a0\u00bb button_border_radius=\u00a0\u00bb30px\u00a0\u00bb global_colors_info=\u00a0\u00bb{}\u00a0\u00bb][\/et_pb_button][\/et_pb_column][et_pb_column type=\u00a0\u00bb1_3&Prime; _builder_version=\u00a0\u00bb4.25.2&Prime; _module_preset=\u00a0\u00bbdefault\u00a0\u00bb global_colors_info=\u00a0\u00bb{}\u00a0\u00bb][\/et_pb_column][et_pb_column type=\u00a0\u00bb1_3&Prime; _builder_version=\u00a0\u00bb4.25.2&Prime; _module_preset=\u00a0\u00bbdefault\u00a0\u00bb global_colors_info=\u00a0\u00bb{}\u00a0\u00bb][\/et_pb_column][\/et_pb_row][\/et_pb_section]<\/p>\n","protected":false},"excerpt":{"rendered":"<p>D\u00e9corationArticles<\/p>\n","protected":false},"author":1,"featured_media":0,"parent":0,"menu_order":0,"comment_status":"closed","ping_status":"closed","template":"","meta":{"_et_pb_use_builder":"on","_et_pb_old_content":"<!-- wp:paragraph {\"align\":\"center\",\"fontSize\":\"large\"} -->\n<p class=\"has-text-align-center has-large-font-size\">D\u00e9coration d'int\u00e9rieur<\/p>\n<!-- \/wp:paragraph -->\n\n<!-- wp:columns {\"style\":{\"spacing\":{\"padding\":{\"right\":\"var:preset|spacing|80\",\"left\":\"var:preset|spacing|80\"},\"blockGap\":{\"left\":\"0\"}}}} -->\n<div class=\"wp-block-columns\" style=\"padding-right:var(--wp--preset--spacing--80);padding-left:var(--wp--preset--spacing--80)\"><!-- wp:column {\"width\":\"50%\"} -->\n<div class=\"wp-block-column\" style=\"flex-basis:50%\"><!-- wp:group {\"layout\":{\"type\":\"constrained\"}} -->\n<div class=\"wp-block-group\"><!-- wp:image {\"align\":\"center\",\"id\":483,\"width\":\"267px\",\"height\":\"auto\",\"aspectRatio\":\"0.667770785028155\",\"sizeSlug\":\"full\",\"linkDestination\":\"none\",\"style\":{\"border\":{\"radius\":\"0px\",\"width\":\"0px\",\"style\":\"none\"}}} -->\n<figure class=\"wp-block-image aligncenter size-full is-resized has-custom-border\"><img src=\"https:\/\/secondregart.com\/wp-content\/uploads\/2023\/10\/logo-deco.png\" alt=\"\" class=\"wp-image-483\" style=\"border-style:none;border-width:0px;border-radius:0px;aspect-ratio:0.667770785028155;width:267px;height:auto\"\/><\/figure>\n<!-- \/wp:image --><\/div>\n<!-- \/wp:group --><\/div>\n<!-- \/wp:column -->\n\n<!-- wp:column {\"width\":\"70%\"} -->\n<div class=\"wp-block-column\" style=\"flex-basis:70%\"><!-- wp:freeform -->\n<p><!-- wp:paragraph {\"style\":{\"spacing\":{\"margin\":{\"top\":\"var:preset|spacing|80\",\"bottom\":\"var:preset|spacing|80\"}},\"typography\":{\"fontSize\":\"23px\"}}} --><\/p>\n<p><span style=\"font-size: 20px;\">Vous avez envie de changer la d\u00e9coration d'une ou plusieurs pi\u00e8ces de votre maison?<\/span><\/p>\n<p><!-- \/wp:paragraph --> <!-- wp:paragraph {\"style\":{\"spacing\":{\"margin\":{\"right\":\"0\",\"left\":\"0\"}},\"typography\":{\"fontSize\":\"23px\"}}} --><\/p>\n<p><span style=\"font-size: 20px;\">Nous proposons une d\u00e9coration d'int\u00e9rieur \u00e0 votre go\u00fbt, selon vos souhaits. Nous valorisons la seconde main donc nous pouvons faire du home staging en r\u00e9utilisant vos propres meubles. Si vous avez un meubles \u00e0 relooker, nous pouvons \u00e9galement prendre en charge cet aspect.<\/span><\/p>\n<p><!-- \/wp:paragraph --> <!-- wp:paragraph {\"align\":\"left\",\"style\":{\"typography\":{\"fontSize\":\"23px\"}}} --><\/p>\n<p class=\"has-text-align-left\"><span style=\"font-size: 20px;\">Le plus important est que vous vous sentiez bien dans votre maison.<\/span><\/p>\n<p>\u00a0<\/p>\n<!-- \/wp:freeform --><\/div>\n<!-- \/wp:column --><\/div>\n<!-- \/wp:columns -->","_et_gb_content_width":"","footnotes":""},"class_list":["post-84","page","type-page","status-publish","hentry"],"yoast_head":"<!-- This site is optimized with the Yoast SEO plugin v25.9 - https:\/\/yoast.com\/wordpress\/plugins\/seo\/ -->\n<title>D\u00e9coration &#8211; Second Reg&#039;Art<\/title>\n<meta name=\"robots\" content=\"index, follow, max-snippet:-1, max-image-preview:large, max-video-preview:-1\" \/>\n<link rel=\"canonical\" href=\"https:\/\/secondregart.com\/index.php\/decoration-interieur\/\" \/>\n<meta property=\"og:locale\" content=\"fr_FR\" \/>\n<meta property=\"og:type\" content=\"article\" \/>\n<meta property=\"og:title\" content=\"D\u00e9coration &#8211; Second Reg&#039;Art\" \/>\n<meta property=\"og:description\" content=\"D\u00e9corationArticles\" \/>\n<meta property=\"og:url\" content=\"https:\/\/secondregart.com\/index.php\/decoration-interieur\/\" \/>\n<meta property=\"og:site_name\" content=\"Second Reg&#039;Art\" \/>\n<meta property=\"article:publisher\" content=\"https:\/\/www.facebook.com\/profile.php?id=61552068509131\" \/>\n<meta property=\"article:modified_time\" content=\"2025-02-21T12:41:12+00:00\" \/>\n<meta property=\"og:image\" content=\"https:\/\/secondregart.com\/wp-content\/uploads\/2023\/10\/cropped-Sans-titre-1.png\" \/>\n\t<meta property=\"og:image:width\" content=\"930\" \/>\n\t<meta property=\"og:image:height\" content=\"272\" \/>\n\t<meta property=\"og:image:type\" content=\"image\/png\" \/>\n<meta name=\"twitter:card\" content=\"summary_large_image\" \/>\n<meta name=\"twitter:label1\" content=\"Dur\u00e9e de lecture estim\u00e9e\" \/>\n\t<meta name=\"twitter:data1\" content=\"1 minute\" \/>\n<script type=\"application\/ld+json\" class=\"yoast-schema-graph\">{\"@context\":\"https:\/\/schema.org\",\"@graph\":[{\"@type\":\"WebPage\",\"@id\":\"https:\/\/secondregart.com\/index.php\/decoration-interieur\/\",\"url\":\"https:\/\/secondregart.com\/index.php\/decoration-interieur\/\",\"name\":\"D\u00e9coration &#8211; Second Reg&#039;Art\",\"isPartOf\":{\"@id\":\"https:\/\/secondregart.com\/#website\"},\"datePublished\":\"2023-09-17T16:43:28+00:00\",\"dateModified\":\"2025-02-21T12:41:12+00:00\",\"breadcrumb\":{\"@id\":\"https:\/\/secondregart.com\/index.php\/decoration-interieur\/#breadcrumb\"},\"inLanguage\":\"fr-FR\",\"potentialAction\":[{\"@type\":\"ReadAction\",\"target\":[\"https:\/\/secondregart.com\/index.php\/decoration-interieur\/\"]}]},{\"@type\":\"BreadcrumbList\",\"@id\":\"https:\/\/secondregart.com\/index.php\/decoration-interieur\/#breadcrumb\",\"itemListElement\":[{\"@type\":\"ListItem\",\"position\":1,\"name\":\"Accueil\",\"item\":\"https:\/\/secondregart.com\/\"},{\"@type\":\"ListItem\",\"position\":2,\"name\":\"D\u00e9coration\"}]},{\"@type\":\"WebSite\",\"@id\":\"https:\/\/secondregart.com\/#website\",\"url\":\"https:\/\/secondregart.com\/\",\"name\":\"Second Reg'Art\",\"description\":\"Second Reg&#039;Art Relooking de meubles - r\u00e9novation de meubles - d\u00e9coration d&#039;int\u00e9rieur - A\u00e9rogommage\",\"publisher\":{\"@id\":\"https:\/\/secondregart.com\/#organization\"},\"alternateName\":\"Second Reg'Art\",\"potentialAction\":[{\"@type\":\"SearchAction\",\"target\":{\"@type\":\"EntryPoint\",\"urlTemplate\":\"https:\/\/secondregart.com\/?s={search_term_string}\"},\"query-input\":{\"@type\":\"PropertyValueSpecification\",\"valueRequired\":true,\"valueName\":\"search_term_string\"}}],\"inLanguage\":\"fr-FR\"},{\"@type\":\"Organization\",\"@id\":\"https:\/\/secondregart.com\/#organization\",\"name\":\"Second Reg'Art\",\"alternateName\":\"Second Reg'Art\",\"url\":\"https:\/\/secondregart.com\/\",\"logo\":{\"@type\":\"ImageObject\",\"inLanguage\":\"fr-FR\",\"@id\":\"https:\/\/secondregart.com\/#\/schema\/logo\/image\/\",\"url\":\"https:\/\/secondregart.com\/wp-content\/uploads\/2023\/10\/cropped-Sans-titre-1.png\",\"contentUrl\":\"https:\/\/secondregart.com\/wp-content\/uploads\/2023\/10\/cropped-Sans-titre-1.png\",\"width\":930,\"height\":272,\"caption\":\"Second Reg'Art\"},\"image\":{\"@id\":\"https:\/\/secondregart.com\/#\/schema\/logo\/image\/\"},\"sameAs\":[\"https:\/\/www.facebook.com\/profile.php?id=61552068509131\",\"https:\/\/www.instagram.com\/secondregart\/\"]}]}<\/script>\n<!-- \/ Yoast SEO plugin. -->","yoast_head_json":{"title":"D\u00e9coration &#8211; Second Reg&#039;Art","robots":{"index":"index","follow":"follow","max-snippet":"max-snippet:-1","max-image-preview":"max-image-preview:large","max-video-preview":"max-video-preview:-1"},"canonical":"https:\/\/secondregart.com\/index.php\/decoration-interieur\/","og_locale":"fr_FR","og_type":"article","og_title":"D\u00e9coration &#8211; Second Reg&#039;Art","og_description":"D\u00e9corationArticles","og_url":"https:\/\/secondregart.com\/index.php\/decoration-interieur\/","og_site_name":"Second Reg&#039;Art","article_publisher":"https:\/\/www.facebook.com\/profile.php?id=61552068509131","article_modified_time":"2025-02-21T12:41:12+00:00","og_image":[{"width":930,"height":272,"url":"https:\/\/secondregart.com\/wp-content\/uploads\/2023\/10\/cropped-Sans-titre-1.png","type":"image\/png"}],"twitter_card":"summary_large_image","twitter_misc":{"Dur\u00e9e de lecture estim\u00e9e":"1 minute"},"schema":{"@context":"https:\/\/schema.org","@graph":[{"@type":"WebPage","@id":"https:\/\/secondregart.com\/index.php\/decoration-interieur\/","url":"https:\/\/secondregart.com\/index.php\/decoration-interieur\/","name":"D\u00e9coration &#8211; Second Reg&#039;Art","isPartOf":{"@id":"https:\/\/secondregart.com\/#website"},"datePublished":"2023-09-17T16:43:28+00:00","dateModified":"2025-02-21T12:41:12+00:00","breadcrumb":{"@id":"https:\/\/secondregart.com\/index.php\/decoration-interieur\/#breadcrumb"},"inLanguage":"fr-FR","potentialAction":[{"@type":"ReadAction","target":["https:\/\/secondregart.com\/index.php\/decoration-interieur\/"]}]},{"@type":"BreadcrumbList","@id":"https:\/\/secondregart.com\/index.php\/decoration-interieur\/#breadcrumb","itemListElement":[{"@type":"ListItem","position":1,"name":"Accueil","item":"https:\/\/secondregart.com\/"},{"@type":"ListItem","position":2,"name":"D\u00e9coration"}]},{"@type":"WebSite","@id":"https:\/\/secondregart.com\/#website","url":"https:\/\/secondregart.com\/","name":"Second Reg'Art","description":"Second Reg&#039;Art Relooking de meubles - r\u00e9novation de meubles - d\u00e9coration d&#039;int\u00e9rieur - A\u00e9rogommage","publisher":{"@id":"https:\/\/secondregart.com\/#organization"},"alternateName":"Second Reg'Art","potentialAction":[{"@type":"SearchAction","target":{"@type":"EntryPoint","urlTemplate":"https:\/\/secondregart.com\/?s={search_term_string}"},"query-input":{"@type":"PropertyValueSpecification","valueRequired":true,"valueName":"search_term_string"}}],"inLanguage":"fr-FR"},{"@type":"Organization","@id":"https:\/\/secondregart.com\/#organization","name":"Second Reg'Art","alternateName":"Second Reg'Art","url":"https:\/\/secondregart.com\/","logo":{"@type":"ImageObject","inLanguage":"fr-FR","@id":"https:\/\/secondregart.com\/#\/schema\/logo\/image\/","url":"https:\/\/secondregart.com\/wp-content\/uploads\/2023\/10\/cropped-Sans-titre-1.png","contentUrl":"https:\/\/secondregart.com\/wp-content\/uploads\/2023\/10\/cropped-Sans-titre-1.png","width":930,"height":272,"caption":"Second Reg'Art"},"image":{"@id":"https:\/\/secondregart.com\/#\/schema\/logo\/image\/"},"sameAs":["https:\/\/www.facebook.com\/profile.php?id=61552068509131","https:\/\/www.instagram.com\/secondregart\/"]}]}},"_links":{"self":[{"href":"https:\/\/secondregart.com\/index.php\/wp-json\/wp\/v2\/pages\/84","targetHints":{"allow":["GET"]}}],"collection":[{"href":"https:\/\/secondregart.com\/index.php\/wp-json\/wp\/v2\/pages"}],"about":[{"href":"https:\/\/secondregart.com\/index.php\/wp-json\/wp\/v2\/types\/page"}],"author":[{"embeddable":true,"href":"https:\/\/secondregart.com\/index.php\/wp-json\/wp\/v2\/users\/1"}],"replies":[{"embeddable":true,"href":"https:\/\/secondregart.com\/index.php\/wp-json\/wp\/v2\/comments?post=84"}],"version-history":[{"count":29,"href":"https:\/\/secondregart.com\/index.php\/wp-json\/wp\/v2\/pages\/84\/revisions"}],"predecessor-version":[{"id":1323,"href":"https:\/\/secondregart.com\/index.php\/wp-json\/wp\/v2\/pages\/84\/revisions\/1323"}],"wp:attachment":[{"href":"https:\/\/secondregart.com\/index.php\/wp-json\/wp\/v2\/media?parent=84"}],"curies":[{"name":"wp","href":"https:\/\/api.w.org\/{rel}","templated":true}]}}