{"id":82,"date":"2023-09-17T18:43:28","date_gmt":"2023-09-17T16:43:28","guid":{"rendered":"https:\/\/secondregart.com\/?page_id=82"},"modified":"2026-01-07T11:24:45","modified_gmt":"2026-01-07T10:24:45","slug":"concept","status":"publish","type":"page","link":"https:\/\/secondregart.com\/index.php\/concept\/","title":{"rendered":"Ateliers"},"content":{"rendered":"<p>[et_pb_section fb_built=\u00a0\u00bb1&Prime; _builder_version=\u00a0\u00bb4.24.0&Prime; background_color=\u00a0\u00bb#ece6db\u00a0\u00bb global_colors_info=\u00a0\u00bb{}\u00a0\u00bb][et_pb_row _builder_version=\u00a0\u00bb4.24.0&Prime; _module_preset=\u00a0\u00bbdefault\u00a0\u00bb global_colors_info=\u00a0\u00bb{}\u00a0\u00bb][et_pb_column type=\u00a0\u00bb4_4&Prime; _builder_version=\u00a0\u00bb4.24.0&Prime; _module_preset=\u00a0\u00bbdefault\u00a0\u00bb global_colors_info=\u00a0\u00bb{}\u00a0\u00bb][et_pb_text _builder_version=\u00a0\u00bb4.27.4&Prime; _module_preset=\u00a0\u00bbdefault\u00a0\u00bb text_font_size=\u00a0\u00bb34px\u00a0\u00bb header_text_align=\u00a0\u00bbjustify\u00a0\u00bb text_orientation=\u00a0\u00bbcenter\u00a0\u00bb global_colors_info=\u00a0\u00bb{}\u00a0\u00bb]<\/p>\n<p style=\"text-align: center;\">Les Ateliers<\/p>\n<p>[\/et_pb_text][\/et_pb_column][\/et_pb_row][et_pb_row column_structure=\u00a0\u00bb2_5,3_5&Prime; _builder_version=\u00a0\u00bb4.27.4&Prime; _module_preset=\u00a0\u00bbdefault\u00a0\u00bb global_colors_info=\u00a0\u00bb{}\u00a0\u00bb][et_pb_column type=\u00a0\u00bb2_5&Prime; _builder_version=\u00a0\u00bb4.27.4&Prime; _module_preset=\u00a0\u00bbdefault\u00a0\u00bb global_colors_info=\u00a0\u00bb{}\u00a0\u00bb][et_pb_image src=\u00a0\u00bbhttps:\/\/secondregart.com\/wp-content\/uploads\/2024\/03\/tampon-atelier.png\u00a0\u00bb title_text=\u00a0\u00bbtampon atelier\u00a0\u00bb align=\u00a0\u00bbcenter\u00a0\u00bb _builder_version=\u00a0\u00bb4.27.4&Prime; _module_preset=\u00a0\u00bbdefault\u00a0\u00bb global_colors_info=\u00a0\u00bb{}\u00a0\u00bb][\/et_pb_image][et_pb_divider show_divider=\u00a0\u00bboff\u00a0\u00bb _builder_version=\u00a0\u00bb4.27.4&Prime; _module_preset=\u00a0\u00bbdefault\u00a0\u00bb global_colors_info=\u00a0\u00bb{}\u00a0\u00bb][\/et_pb_divider][et_pb_button button_url=\u00a0\u00bb@ET-DC@eyJkeW5hbWljIjp0cnVlLCJjb250ZW50IjoicG9zdF9saW5rX3VybF9wYWdlIiwic2V0dGluZ3MiOnsicG9zdF9pZCI6IjEzNDkifX0=@\u00a0\u00bb button_text=\u00a0\u00bbVous r\u00e9novez\u00a0\u00bb button_alignment=\u00a0\u00bbcenter\u00a0\u00bb _builder_version=\u00a0\u00bb4.27.4&Prime; _dynamic_attributes=\u00a0\u00bbbutton_url\u00a0\u00bb _module_preset=\u00a0\u00bbdefault\u00a0\u00bb custom_button=\u00a0\u00bbon\u00a0\u00bb button_border_radius=\u00a0\u00bb30px\u00a0\u00bb global_colors_info=\u00a0\u00bb{}\u00a0\u00bb][\/et_pb_button][\/et_pb_column][et_pb_column type=\u00a0\u00bb3_5&Prime; _builder_version=\u00a0\u00bb4.27.4&Prime; _module_preset=\u00a0\u00bbdefault\u00a0\u00bb global_colors_info=\u00a0\u00bb{}\u00a0\u00bb][et_pb_text _builder_version=\u00a0\u00bb4.27.4&Prime; _module_preset=\u00a0\u00bbdefault\u00a0\u00bb global_colors_info=\u00a0\u00bb{}\u00a0\u00bb]<\/p>\n<h3>Nos ateliers pour les particuliers:<\/h3>\n<h4><\/h4>\n<h4>Nous avons 3 prestations diff\u00e9rentes:<\/h4>\n<p>&nbsp;<\/p>\n<h4>\u2013<strong> Les ateliers autonomes:<\/strong> <span>vous r\u00e9novez votre meuble seul. Vous avez la capacit\u00e9 de r\u00e9nover votre meuble sans notre aide (utilisation des outils, maitrise des diff\u00e9rentes \u00e9tapes de la r\u00e9novation) Nous sommes disponibles pour des questions \u00e9ventuelles.<\/span><\/h4>\n<div><\/div>\n<h4><\/h4>\n<h4><\/h4>\n<h4>\u2013<strong> Les ateliers avec accompagnement:<\/strong> Nous vous accompagnons dans les diff\u00e9rentes \u00e9tapes de la r\u00e9novation de votre meuble. Nous vous expliquons le fonctionnement des outils, nous vous conseillons pour la peinture et\/ou vernis, nous vous donnons des petites astuces,\u2026 Nous vous accompagnons du d\u00e9but \u00e0 la fin.<\/h4>\n<h4><strong><\/strong><\/h4>\n<h4><strong><\/strong><\/h4>\n<h4><strong><\/strong><\/h4>\n<h4><strong>\u2013 Les ateliers parent\/enfant:<\/strong> <span>Un parent et un enfant viennent r\u00e9nover un meuble dans notre atelier avec notre accompagnement. Nous vous expliquons les diff\u00e9rentes \u00e9tapes de r\u00e9novation et l\u2019utilisation des outils. <\/span><span>Chaque Parent est responsable de son enfant.<\/span><\/h4>\n<p>[\/et_pb_text][\/et_pb_column][\/et_pb_row][et_pb_row _builder_version=\u00a0\u00bb4.27.4&Prime; _module_preset=\u00a0\u00bbdefault\u00a0\u00bb global_colors_info=\u00a0\u00bb{}\u00a0\u00bb][et_pb_column type=\u00a0\u00bb4_4&Prime; _builder_version=\u00a0\u00bb4.27.4&Prime; _module_preset=\u00a0\u00bbdefault\u00a0\u00bb global_colors_info=\u00a0\u00bb{}\u00a0\u00bb][et_pb_divider show_divider=\u00a0\u00bboff\u00a0\u00bb _builder_version=\u00a0\u00bb4.27.4&Prime; _module_preset=\u00a0\u00bbdefault\u00a0\u00bb global_colors_info=\u00a0\u00bb{}\u00a0\u00bb][\/et_pb_divider][\/et_pb_column][\/et_pb_row][et_pb_row column_structure=\u00a0\u00bb2_5,3_5&Prime; _builder_version=\u00a0\u00bb4.24.0&Prime; _module_preset=\u00a0\u00bbdefault\u00a0\u00bb max_width=\u00a0\u00bb1988px\u00a0\u00bb global_colors_info=\u00a0\u00bb{}\u00a0\u00bb][et_pb_column type=\u00a0\u00bb2_5&Prime; _builder_version=\u00a0\u00bb4.24.0&Prime; _module_preset=\u00a0\u00bbdefault\u00a0\u00bb global_colors_info=\u00a0\u00bb{}\u00a0\u00bb][et_pb_text _builder_version=\u00a0\u00bb4.24.0&Prime; _module_preset=\u00a0\u00bbdefault\u00a0\u00bb width=\u00a0\u00bb98.2%\u00a0\u00bb custom_margin=\u00a0\u00bb22px||184px||false|false\u00a0\u00bb global_colors_info=\u00a0\u00bb{}\u00a0\u00bb]<\/p>\n<p><img loading=\"lazy\" decoding=\"async\" width=\"1019\" height=\"680\" src=\"https:\/\/secondregart.com\/wp-content\/uploads\/2023\/11\/image-concept.jpg\" alt=\"\" class=\"has-border-color wp-image-703\" style=\"border-color: #bd8d79; border-width: 5px; border-radius: 100px; aspect-ratio: 1.498529 \/ 1; width: 475px;\" srcset=\"https:\/\/secondregart.com\/wp-content\/uploads\/2023\/11\/image-concept.jpg 1019w, https:\/\/secondregart.com\/wp-content\/uploads\/2023\/11\/image-concept-300x200.jpg 300w, https:\/\/secondregart.com\/wp-content\/uploads\/2023\/11\/image-concept-768x513.jpg 768w\" sizes=\"(max-width: 1019px) 100vw, 1019px\" \/><\/p>\n<p>[\/et_pb_text][\/et_pb_column][et_pb_column type=\u00a0\u00bb3_5&Prime; _builder_version=\u00a0\u00bb4.24.0&Prime; _module_preset=\u00a0\u00bbdefault\u00a0\u00bb global_colors_info=\u00a0\u00bb{}\u00a0\u00bb][et_pb_text _builder_version=\u00a0\u00bb4.27.4&Prime; _module_preset=\u00a0\u00bbdefault\u00a0\u00bb text_orientation=\u00a0\u00bbjustified\u00a0\u00bb width=\u00a0\u00bb90%\u00a0\u00bb max_width=\u00a0\u00bb100%\u00a0\u00bb module_alignment=\u00a0\u00bbcenter\u00a0\u00bb global_colors_info=\u00a0\u00bb{}\u00a0\u00bb]<\/p>\n<h3 style=\"text-align: justify;\"><span style=\"font-size: x-large;\">Nous mettons en place des ateliers pour diff\u00e9rentes structures:<\/span><\/h3>\n<p><span style=\"font-size: x-large;\"><\/span><\/p>\n<h4 style=\"text-align: justify;\"><span style=\"font-size: 20px;\">&#8211; les \u00e9coles, les coll\u00e8ges, les lyc\u00e9es, &#8230;\u00a0<\/span><span style=\"font-size: 20px;\"><\/span><\/h4>\n<h4 style=\"text-align: justify;\"><span style=\"font-size: 20px;\">&#8211; les Points Accueil Emploi<\/span><\/h4>\n<h4 style=\"text-align: justify;\"><span style=\"font-size: 20px;\">&#8211; Les CDAS<\/span><\/h4>\n<h4 style=\"font-weight: 400;\"><\/h4>\n<h4 style=\"font-weight: 400;\"><\/h4>\n<h4 style=\"font-weight: 400;\"><\/h4>\n<h4 style=\"font-weight: 400;\">Nous proposons \u00e0 ces personnes de participer \u00e0 des ateliers de r\u00e9novations de meubles \u00a0Ces activit\u00e9s sont valorisantes car elles sont la concr\u00e9tisation de notre imagination, de nos choix et de nos envies.<\/h4>\n<h4 style=\"font-weight: 400;\">La participation \u00e0 un projet permet \u00e0 la personne de se sentir utile et elle prend conscience qu\u2019elle est capable d\u2019entreprendre certaines choses. Ces ateliers mettent en avant la motivation, l\u2019implication, la multiplication des int\u00e9r\u00eats de ces personnes mais aussi le d\u00e9veloppement des liens sociaux.<\/h4>\n<h4>\u00a0<\/h4>\n<h4>Notre but est donc de redonner et \/ou de maintenir \u00e0 ces diff\u00e9rentes personnes, la confiance en elles \u00a0avec aisance et sans crainte.<\/h4>\n<h4><span style=\"font-size: 20px;\"><\/span><\/h4>\n<p>[\/et_pb_text][\/et_pb_column][\/et_pb_row][\/et_pb_section]<\/p>\n","protected":false},"excerpt":{"rendered":"<p>Les AteliersNos ateliers pour les particuliers: Nous avons 3 prestations diff\u00e9rentes: &nbsp; \u2013 Les ateliers autonomes: vous r\u00e9novez votre meuble seul. Vous avez la capacit\u00e9 de r\u00e9nover votre meuble sans notre aide (utilisation des outils, maitrise des diff\u00e9rentes \u00e9tapes de la r\u00e9novation) Nous sommes disponibles pour des questions \u00e9ventuelles. \u2013 Les ateliers avec accompagnement: Nous [&hellip;]<\/p>\n","protected":false},"author":1,"featured_media":0,"parent":0,"menu_order":0,"comment_status":"closed","ping_status":"closed","template":"","meta":{"_et_pb_use_builder":"on","_et_pb_old_content":"<!-- wp:paragraph {\"align\":\"center\",\"fontSize\":\"large\"} -->\n<p class=\"has-text-align-center has-large-font-size\">Le Concept<\/p>\n<!-- \/wp:paragraph -->\n\n<!-- wp:columns -->\n<div class=\"wp-block-columns\"><!-- wp:column {\"width\":\"40%\"} -->\n<div class=\"wp-block-column\" style=\"flex-basis:40%\"><!-- wp:paragraph -->\n<p>        <\/p>\n<!-- \/wp:paragraph -->\n\n<!-- wp:paragraph -->\n<p><\/p>\n<!-- \/wp:paragraph -->\n\n<!-- wp:paragraph -->\n<p><\/p>\n<!-- \/wp:paragraph -->\n\n<!-- wp:paragraph -->\n<p><\/p>\n<!-- \/wp:paragraph -->\n\n<!-- wp:paragraph -->\n<p><\/p>\n<!-- \/wp:paragraph -->\n\n<!-- wp:image {\"align\":\"center\",\"id\":703,\"width\":\"475px\",\"height\":\"auto\",\"aspectRatio\":\"1.4985294117647059\",\"sizeSlug\":\"full\",\"linkDestination\":\"none\",\"style\":{\"border\":{\"radius\":\"100px\",\"color\":\"#bd8d79\",\"width\":\"5px\"}}} -->\n<figure class=\"wp-block-image aligncenter size-full is-resized has-custom-border\"><img src=\"https:\/\/secondregart.com\/wp-content\/uploads\/2023\/11\/image-concept.jpg\" alt=\"\" class=\"has-border-color wp-image-703\" style=\"border-color:#bd8d79;border-width:5px;border-radius:100px;aspect-ratio:1.4985294117647059;width:475px;height:auto\"\/><\/figure>\n<!-- \/wp:image --><\/div>\n<!-- \/wp:column -->\n\n<!-- wp:column {\"width\":\"60%\"} -->\n<div class=\"wp-block-column\" style=\"flex-basis:60%\"><!-- wp:freeform -->\n<p><span style=\"font-size: 20px;\">Nous sommes Solenn et Rachel. Solenn est \u00e9ducatrice sp\u00e9cialis\u00e9e dans le secteur de l\u2019enfance et Rachel est art-th\u00e9rapeute dans un EAM, avec des adultes polyhandicap\u00e9s.<\/span><\/p>\n<p><span style=\"font-size: 20px;\">Nous sommes passionn\u00e9es de d\u00e9co, de bricolage, du fait main, etc\u2026 . Nous avons d\u00e9cid\u00e9 de fusionner nos passions et nos comp\u00e9tences afin de faire de la r\u00e9novation de meubles, de la d\u00e9coration d\u2019int\u00e9rieur\u2026 et de le partager avec vous!<\/span><\/p>\n<p><span style=\"font-size: 20px;\">Nous voulons privil\u00e9gier la seconde main tant en r\u00e9novation de meuble qu\u2019en d\u00e9coration d\u2019int\u00e9rieur. Les meubles qui dorment dans les greniers ou dans les caves sont de tr\u00e8s bonne qualit\u00e9 et m\u00e9ritent d\u2019avoir une seconde vie. Les meubles que nous r\u00e9novons ont un pass\u00e9, une usure. Ils ont alors des traces, des marques de leur premi\u00e8re vie.\u00a0<\/span><\/p>\n<p><span style=\"font-size: 20px;\">Nous suivons les tendances d\u00e9co mais nous suivons avant tout votre go\u00fbt!<\/span><\/p>\n<!-- \/wp:freeform --><\/div>\n<!-- \/wp:column --><\/div>\n<!-- \/wp:columns -->","_et_gb_content_width":"","footnotes":""},"class_list":["post-82","page","type-page","status-publish","hentry"],"yoast_head":"<!-- This site is optimized with the Yoast SEO plugin v25.9 - https:\/\/yoast.com\/wordpress\/plugins\/seo\/ -->\n<title>Ateliers &#8211; Second Reg&#039;Art<\/title>\n<meta name=\"robots\" content=\"index, follow, max-snippet:-1, max-image-preview:large, max-video-preview:-1\" \/>\n<link rel=\"canonical\" href=\"https:\/\/secondregart.com\/index.php\/concept\/\" \/>\n<meta property=\"og:locale\" content=\"fr_FR\" \/>\n<meta property=\"og:type\" content=\"article\" \/>\n<meta property=\"og:title\" content=\"Ateliers &#8211; Second Reg&#039;Art\" \/>\n<meta property=\"og:description\" content=\"Les AteliersNos ateliers pour les particuliers: Nous avons 3 prestations diff\u00e9rentes: &nbsp; \u2013 Les ateliers autonomes: vous r\u00e9novez votre meuble seul. Vous avez la capacit\u00e9 de r\u00e9nover votre meuble sans notre aide (utilisation des outils, maitrise des diff\u00e9rentes \u00e9tapes de la r\u00e9novation) Nous sommes disponibles pour des questions \u00e9ventuelles. \u2013 Les ateliers avec accompagnement: Nous [&hellip;]\" \/>\n<meta property=\"og:url\" content=\"https:\/\/secondregart.com\/index.php\/concept\/\" \/>\n<meta property=\"og:site_name\" content=\"Second Reg&#039;Art\" \/>\n<meta property=\"article:publisher\" content=\"https:\/\/www.facebook.com\/profile.php?id=61552068509131\" \/>\n<meta property=\"article:modified_time\" content=\"2026-01-07T10:24:45+00:00\" \/>\n<meta property=\"og:image\" content=\"https:\/\/secondregart.com\/wp-content\/uploads\/2023\/11\/image-concept.jpg\" \/>\n<meta name=\"twitter:card\" content=\"summary_large_image\" \/>\n<meta name=\"twitter:label1\" content=\"Dur\u00e9e de lecture estim\u00e9e\" \/>\n\t<meta name=\"twitter:data1\" content=\"1 minute\" \/>\n<script type=\"application\/ld+json\" class=\"yoast-schema-graph\">{\"@context\":\"https:\/\/schema.org\",\"@graph\":[{\"@type\":\"WebPage\",\"@id\":\"https:\/\/secondregart.com\/index.php\/concept\/\",\"url\":\"https:\/\/secondregart.com\/index.php\/concept\/\",\"name\":\"Ateliers &#8211; Second Reg&#039;Art\",\"isPartOf\":{\"@id\":\"https:\/\/secondregart.com\/#website\"},\"primaryImageOfPage\":{\"@id\":\"https:\/\/secondregart.com\/index.php\/concept\/#primaryimage\"},\"image\":{\"@id\":\"https:\/\/secondregart.com\/index.php\/concept\/#primaryimage\"},\"thumbnailUrl\":\"https:\/\/secondregart.com\/wp-content\/uploads\/2023\/11\/image-concept.jpg\",\"datePublished\":\"2023-09-17T16:43:28+00:00\",\"dateModified\":\"2026-01-07T10:24:45+00:00\",\"breadcrumb\":{\"@id\":\"https:\/\/secondregart.com\/index.php\/concept\/#breadcrumb\"},\"inLanguage\":\"fr-FR\",\"potentialAction\":[{\"@type\":\"ReadAction\",\"target\":[\"https:\/\/secondregart.com\/index.php\/concept\/\"]}]},{\"@type\":\"ImageObject\",\"inLanguage\":\"fr-FR\",\"@id\":\"https:\/\/secondregart.com\/index.php\/concept\/#primaryimage\",\"url\":\"https:\/\/secondregart.com\/wp-content\/uploads\/2023\/11\/image-concept.jpg\",\"contentUrl\":\"https:\/\/secondregart.com\/wp-content\/uploads\/2023\/11\/image-concept.jpg\",\"width\":1019,\"height\":680},{\"@type\":\"BreadcrumbList\",\"@id\":\"https:\/\/secondregart.com\/index.php\/concept\/#breadcrumb\",\"itemListElement\":[{\"@type\":\"ListItem\",\"position\":1,\"name\":\"Accueil\",\"item\":\"https:\/\/secondregart.com\/\"},{\"@type\":\"ListItem\",\"position\":2,\"name\":\"Ateliers\"}]},{\"@type\":\"WebSite\",\"@id\":\"https:\/\/secondregart.com\/#website\",\"url\":\"https:\/\/secondregart.com\/\",\"name\":\"Second Reg'Art\",\"description\":\"Second Reg&#039;Art Relooking de meubles - r\u00e9novation de meubles - d\u00e9coration d&#039;int\u00e9rieur - A\u00e9rogommage\",\"publisher\":{\"@id\":\"https:\/\/secondregart.com\/#organization\"},\"alternateName\":\"Second Reg'Art\",\"potentialAction\":[{\"@type\":\"SearchAction\",\"target\":{\"@type\":\"EntryPoint\",\"urlTemplate\":\"https:\/\/secondregart.com\/?s={search_term_string}\"},\"query-input\":{\"@type\":\"PropertyValueSpecification\",\"valueRequired\":true,\"valueName\":\"search_term_string\"}}],\"inLanguage\":\"fr-FR\"},{\"@type\":\"Organization\",\"@id\":\"https:\/\/secondregart.com\/#organization\",\"name\":\"Second Reg'Art\",\"alternateName\":\"Second Reg'Art\",\"url\":\"https:\/\/secondregart.com\/\",\"logo\":{\"@type\":\"ImageObject\",\"inLanguage\":\"fr-FR\",\"@id\":\"https:\/\/secondregart.com\/#\/schema\/logo\/image\/\",\"url\":\"https:\/\/secondregart.com\/wp-content\/uploads\/2023\/10\/cropped-Sans-titre-1.png\",\"contentUrl\":\"https:\/\/secondregart.com\/wp-content\/uploads\/2023\/10\/cropped-Sans-titre-1.png\",\"width\":930,\"height\":272,\"caption\":\"Second Reg'Art\"},\"image\":{\"@id\":\"https:\/\/secondregart.com\/#\/schema\/logo\/image\/\"},\"sameAs\":[\"https:\/\/www.facebook.com\/profile.php?id=61552068509131\",\"https:\/\/www.instagram.com\/secondregart\/\"]}]}<\/script>\n<!-- \/ Yoast SEO plugin. -->","yoast_head_json":{"title":"Ateliers &#8211; Second Reg&#039;Art","robots":{"index":"index","follow":"follow","max-snippet":"max-snippet:-1","max-image-preview":"max-image-preview:large","max-video-preview":"max-video-preview:-1"},"canonical":"https:\/\/secondregart.com\/index.php\/concept\/","og_locale":"fr_FR","og_type":"article","og_title":"Ateliers &#8211; Second Reg&#039;Art","og_description":"Les AteliersNos ateliers pour les particuliers: Nous avons 3 prestations diff\u00e9rentes: &nbsp; \u2013 Les ateliers autonomes: vous r\u00e9novez votre meuble seul. Vous avez la capacit\u00e9 de r\u00e9nover votre meuble sans notre aide (utilisation des outils, maitrise des diff\u00e9rentes \u00e9tapes de la r\u00e9novation) Nous sommes disponibles pour des questions \u00e9ventuelles. \u2013 Les ateliers avec accompagnement: Nous [&hellip;]","og_url":"https:\/\/secondregart.com\/index.php\/concept\/","og_site_name":"Second Reg&#039;Art","article_publisher":"https:\/\/www.facebook.com\/profile.php?id=61552068509131","article_modified_time":"2026-01-07T10:24:45+00:00","og_image":[{"url":"https:\/\/secondregart.com\/wp-content\/uploads\/2023\/11\/image-concept.jpg","type":"","width":"","height":""}],"twitter_card":"summary_large_image","twitter_misc":{"Dur\u00e9e de lecture estim\u00e9e":"1 minute"},"schema":{"@context":"https:\/\/schema.org","@graph":[{"@type":"WebPage","@id":"https:\/\/secondregart.com\/index.php\/concept\/","url":"https:\/\/secondregart.com\/index.php\/concept\/","name":"Ateliers &#8211; Second Reg&#039;Art","isPartOf":{"@id":"https:\/\/secondregart.com\/#website"},"primaryImageOfPage":{"@id":"https:\/\/secondregart.com\/index.php\/concept\/#primaryimage"},"image":{"@id":"https:\/\/secondregart.com\/index.php\/concept\/#primaryimage"},"thumbnailUrl":"https:\/\/secondregart.com\/wp-content\/uploads\/2023\/11\/image-concept.jpg","datePublished":"2023-09-17T16:43:28+00:00","dateModified":"2026-01-07T10:24:45+00:00","breadcrumb":{"@id":"https:\/\/secondregart.com\/index.php\/concept\/#breadcrumb"},"inLanguage":"fr-FR","potentialAction":[{"@type":"ReadAction","target":["https:\/\/secondregart.com\/index.php\/concept\/"]}]},{"@type":"ImageObject","inLanguage":"fr-FR","@id":"https:\/\/secondregart.com\/index.php\/concept\/#primaryimage","url":"https:\/\/secondregart.com\/wp-content\/uploads\/2023\/11\/image-concept.jpg","contentUrl":"https:\/\/secondregart.com\/wp-content\/uploads\/2023\/11\/image-concept.jpg","width":1019,"height":680},{"@type":"BreadcrumbList","@id":"https:\/\/secondregart.com\/index.php\/concept\/#breadcrumb","itemListElement":[{"@type":"ListItem","position":1,"name":"Accueil","item":"https:\/\/secondregart.com\/"},{"@type":"ListItem","position":2,"name":"Ateliers"}]},{"@type":"WebSite","@id":"https:\/\/secondregart.com\/#website","url":"https:\/\/secondregart.com\/","name":"Second Reg'Art","description":"Second Reg&#039;Art Relooking de meubles - r\u00e9novation de meubles - d\u00e9coration d&#039;int\u00e9rieur - A\u00e9rogommage","publisher":{"@id":"https:\/\/secondregart.com\/#organization"},"alternateName":"Second Reg'Art","potentialAction":[{"@type":"SearchAction","target":{"@type":"EntryPoint","urlTemplate":"https:\/\/secondregart.com\/?s={search_term_string}"},"query-input":{"@type":"PropertyValueSpecification","valueRequired":true,"valueName":"search_term_string"}}],"inLanguage":"fr-FR"},{"@type":"Organization","@id":"https:\/\/secondregart.com\/#organization","name":"Second Reg'Art","alternateName":"Second Reg'Art","url":"https:\/\/secondregart.com\/","logo":{"@type":"ImageObject","inLanguage":"fr-FR","@id":"https:\/\/secondregart.com\/#\/schema\/logo\/image\/","url":"https:\/\/secondregart.com\/wp-content\/uploads\/2023\/10\/cropped-Sans-titre-1.png","contentUrl":"https:\/\/secondregart.com\/wp-content\/uploads\/2023\/10\/cropped-Sans-titre-1.png","width":930,"height":272,"caption":"Second Reg'Art"},"image":{"@id":"https:\/\/secondregart.com\/#\/schema\/logo\/image\/"},"sameAs":["https:\/\/www.facebook.com\/profile.php?id=61552068509131","https:\/\/www.instagram.com\/secondregart\/"]}]}},"_links":{"self":[{"href":"https:\/\/secondregart.com\/index.php\/wp-json\/wp\/v2\/pages\/82","targetHints":{"allow":["GET"]}}],"collection":[{"href":"https:\/\/secondregart.com\/index.php\/wp-json\/wp\/v2\/pages"}],"about":[{"href":"https:\/\/secondregart.com\/index.php\/wp-json\/wp\/v2\/types\/page"}],"author":[{"embeddable":true,"href":"https:\/\/secondregart.com\/index.php\/wp-json\/wp\/v2\/users\/1"}],"replies":[{"embeddable":true,"href":"https:\/\/secondregart.com\/index.php\/wp-json\/wp\/v2\/comments?post=82"}],"version-history":[{"count":58,"href":"https:\/\/secondregart.com\/index.php\/wp-json\/wp\/v2\/pages\/82\/revisions"}],"predecessor-version":[{"id":1634,"href":"https:\/\/secondregart.com\/index.php\/wp-json\/wp\/v2\/pages\/82\/revisions\/1634"}],"wp:attachment":[{"href":"https:\/\/secondregart.com\/index.php\/wp-json\/wp\/v2\/media?parent=82"}],"curies":[{"name":"wp","href":"https:\/\/api.w.org\/{rel}","templated":true}]}}