{"id":527,"date":"2023-10-30T18:44:37","date_gmt":"2023-10-30T17:44:37","guid":{"rendered":"https:\/\/secondregart.com\/?page_id=527"},"modified":"2025-10-01T16:37:34","modified_gmt":"2025-10-01T14:37:34","slug":"armoire","status":"publish","type":"page","link":"https:\/\/secondregart.com\/index.php\/armoire\/","title":{"rendered":"Armoire"},"content":{"rendered":"<p>[et_pb_section fb_built=\u00a0\u00bb1&Prime; admin_label=\u00a0\u00bbsection\u00a0\u00bb _builder_version=\u00a0\u00bb4.24.0&Prime; background_color=\u00a0\u00bb#ece6db\u00a0\u00bb global_colors_info=\u00a0\u00bb{}\u00a0\u00bb][et_pb_row _builder_version=\u00a0\u00bb4.24.0&Prime; _module_preset=\u00a0\u00bbdefault\u00a0\u00bb global_colors_info=\u00a0\u00bb{}\u00a0\u00bb][et_pb_column type=\u00a0\u00bb4_4&Prime; _builder_version=\u00a0\u00bb4.24.0&Prime; _module_preset=\u00a0\u00bbdefault\u00a0\u00bb global_colors_info=\u00a0\u00bb{}\u00a0\u00bb][et_pb_text _builder_version=\u00a0\u00bb4.24.0&Prime; _module_preset=\u00a0\u00bbdefault\u00a0\u00bb text_font_size=\u00a0\u00bb41px\u00a0\u00bb global_colors_info=\u00a0\u00bb{}\u00a0\u00bb]<\/p>\n<p style=\"text-align: center;\">Armoires, tables, buffets,&#8230;<\/p>\n<p>[\/et_pb_text][et_pb_divider show_divider=\u00a0\u00bboff\u00a0\u00bb _builder_version=\u00a0\u00bb4.27.4&Prime; _module_preset=\u00a0\u00bbdefault\u00a0\u00bb global_colors_info=\u00a0\u00bb{}\u00a0\u00bb][\/et_pb_divider][et_pb_text _builder_version=\u00a0\u00bb4.27.4&Prime; _module_preset=\u00a0\u00bbdefault\u00a0\u00bb global_colors_info=\u00a0\u00bb{}\u00a0\u00bb]<\/p>\n<h2 style=\"text-align: center;\">Mobiliers vendus<\/h2>\n<p>[\/et_pb_text][\/et_pb_column][\/et_pb_row][et_pb_row _builder_version=\u00a0\u00bb4.27.4&Prime; _module_preset=\u00a0\u00bbdefault\u00a0\u00bb min_height=\u00a0\u00bb780.5px\u00a0\u00bb border_radii=\u00a0\u00bbon|30px|30px|30px|30px\u00a0\u00bb global_colors_info=\u00a0\u00bb{}\u00a0\u00bb][et_pb_column type=\u00a0\u00bb4_4&Prime; _builder_version=\u00a0\u00bb4.27.4&Prime; _module_preset=\u00a0\u00bbdefault\u00a0\u00bb global_colors_info=\u00a0\u00bb{}\u00a0\u00bb][et_pb_slider show_image_video_mobile=\u00a0\u00bbon\u00a0\u00bb arrows_custom_color=\u00a0\u00bb#ECE6DA\u00a0\u00bb dot_nav_custom_color=\u00a0\u00bb#ECE6DA\u00a0\u00bb _builder_version=\u00a0\u00bb4.27.4&Prime; _module_preset=\u00a0\u00bbdefault\u00a0\u00bb header_text_align=\u00a0\u00bbcenter\u00a0\u00bb body_text_align=\u00a0\u00bbjustify\u00a0\u00bb min_height=\u00a0\u00bb607.5px\u00a0\u00bb custom_margin=\u00a0\u00bb||326px|||\u00a0\u00bb custom_padding=\u00a0\u00bb|12px|11px|||\u00a0\u00bb hover_enabled=\u00a0\u00bb0&Prime; border_radii=\u00a0\u00bbon|30px|30px|30px|30px\u00a0\u00bb global_colors_info=\u00a0\u00bb{}\u00a0\u00bb background_color=\u00a0\u00bb#C1947F\u00a0\u00bb sticky_enabled=\u00a0\u00bb0&Prime;][et_pb_slide heading=\u00a0\u00bbMonsieur green bird\u00a0\u00bb image=\u00a0\u00bbhttps:\/\/secondregart.com\/wp-content\/uploads\/2023\/10\/1693228194093-scaled.jpg\u00a0\u00bb _builder_version=\u00a0\u00bb4.27.4&Prime; _module_preset=\u00a0\u00bbdefault\u00a0\u00bb header_text_color=\u00a0\u00bb#ECE6DA\u00a0\u00bb header_font_size=\u00a0\u00bb30px\u00a0\u00bb body_text_color=\u00a0\u00bb#6B846D\u00a0\u00bb background_color=\u00a0\u00bb#C1947F\u00a0\u00bb background_enable_color=\u00a0\u00bbon\u00a0\u00bb border_radii_image=\u00a0\u00bbon|30px|30px|30px|30px\u00a0\u00bb global_colors_info=\u00a0\u00bb{}\u00a0\u00bb sticky_transition=\u00a0\u00bbon\u00a0\u00bb][\/et_pb_slide][et_pb_slide heading=\u00a0\u00bbMadame Campagne\u00a0\u00bb image=\u00a0\u00bbhttps:\/\/secondregart.com\/wp-content\/uploads\/2024\/07\/Sans-titre-3.jpg\u00a0\u00bb _builder_version=\u00a0\u00bb4.27.4&Prime; _module_preset=\u00a0\u00bbdefault\u00a0\u00bb header_text_color=\u00a0\u00bb#ECE6DA\u00a0\u00bb header_font_size=\u00a0\u00bb30px\u00a0\u00bb background_color=\u00a0\u00bb#C1947F\u00a0\u00bb background_enable_color=\u00a0\u00bbon\u00a0\u00bb border_radii_image=\u00a0\u00bbon|30px|30px|30px|30px\u00a0\u00bb global_colors_info=\u00a0\u00bb{}\u00a0\u00bb sticky_transition=\u00a0\u00bbon\u00a0\u00bb][\/et_pb_slide][et_pb_slide heading=\u00a0\u00bbMadame Wood\u00a0\u00bb image=\u00a0\u00bbhttps:\/\/secondregart.com\/wp-content\/uploads\/2024\/07\/etagere-brut.png\u00a0\u00bb alignment=\u00a0\u00bbbottom\u00a0\u00bb _builder_version=\u00a0\u00bb4.27.4&Prime; _module_preset=\u00a0\u00bbdefault\u00a0\u00bb header_font_size=\u00a0\u00bb30px\u00a0\u00bb background_color=\u00a0\u00bb#C1947F\u00a0\u00bb background_enable_color=\u00a0\u00bbon\u00a0\u00bb width=\u00a0\u00bb100%\u00a0\u00bb max_width=\u00a0\u00bb100%\u00a0\u00bb custom_padding=\u00a0\u00bb0px||0px||false|false\u00a0\u00bb border_radii_image=\u00a0\u00bbon|30px|30px|30px|30px\u00a0\u00bb global_colors_info=\u00a0\u00bb{}\u00a0\u00bb sticky_transition=\u00a0\u00bbon\u00a0\u00bb][\/et_pb_slide][\/et_pb_slider][\/et_pb_column][\/et_pb_row][\/et_pb_section]<\/p>\n","protected":false},"excerpt":{"rendered":"<p>Armoires, tables, buffets,&#8230;Mobiliers vendus<\/p>\n","protected":false},"author":1,"featured_media":0,"parent":0,"menu_order":0,"comment_status":"closed","ping_status":"closed","template":"","meta":{"_et_pb_use_builder":"on","_et_pb_old_content":"<!-- wp:paragraph {\"align\":\"center\",\"fontSize\":\"large\"} -->\n<p class=\"has-text-align-center has-large-font-size\">Armoires, tables, buffets,...<\/p>\n<!-- \/wp:paragraph -->\n\n<!-- wp:columns -->\n<div class=\"wp-block-columns\"><!-- wp:column {\"width\":\"20%\"} -->\n<div class=\"wp-block-column\" style=\"flex-basis:20%\"><\/div>\n<!-- \/wp:column -->\n\n<!-- wp:column {\"width\":\"20%\"} -->\n<div class=\"wp-block-column\" style=\"flex-basis:20%\"><\/div>\n<!-- \/wp:column -->\n\n<!-- wp:column {\"width\":\"45%\"} -->\n<div class=\"wp-block-column\" style=\"flex-basis:45%\"><!-- wp:paragraph {\"align\":\"center\",\"style\":{\"typography\":{\"fontSize\":\"23px\"}}} -->\n<p class=\"has-text-align-center\" style=\"font-size:23px\">Monsieur  <\/p>\n<!-- \/wp:paragraph -->\n\n<!-- wp:freeform -->\n<p style=\"text-align: justify;\"><span style=\"font-size: 20px;\">Ce buffet en ch\u00eane a \u00e9t\u00e9 ponc\u00e9 et repeint avec une peinture gris mat. Le plateau a \u00e9t\u00e9 laiss\u00e9 en bois naturel. L'int\u00e9rieur a \u00e9t\u00e9 recouvert de papier peint \"jungle\" et les \u00e9tag\u00e8res peintes en jaune. Vous pouvez observer une niche avec le m\u00eame papier afin de mettre en valeur certains objets de votre d\u00e9coration. Les portes ont \u00e9t\u00e9 d\u00e9coup\u00e9es afin de mettre de la toile de jute \u00e0 la place du bois afin d'adoucir ce buffet.<\/span><\/p>\n<!-- \/wp:freeform --><\/div>\n<!-- \/wp:column --><\/div>\n<!-- \/wp:columns -->","_et_gb_content_width":"","footnotes":""},"class_list":["post-527","page","type-page","status-publish","hentry"],"yoast_head":"<!-- This site is optimized with the Yoast SEO plugin v25.9 - https:\/\/yoast.com\/wordpress\/plugins\/seo\/ -->\n<title>Armoire &#8211; Second Reg&#039;Art<\/title>\n<meta name=\"robots\" content=\"index, follow, max-snippet:-1, max-image-preview:large, max-video-preview:-1\" \/>\n<link rel=\"canonical\" href=\"https:\/\/secondregart.com\/index.php\/armoire\/\" \/>\n<meta property=\"og:locale\" content=\"fr_FR\" \/>\n<meta property=\"og:type\" content=\"article\" \/>\n<meta property=\"og:title\" content=\"Armoire &#8211; Second Reg&#039;Art\" \/>\n<meta property=\"og:description\" content=\"Armoires, tables, buffets,...Mobiliers vendus\" \/>\n<meta property=\"og:url\" content=\"https:\/\/secondregart.com\/index.php\/armoire\/\" \/>\n<meta property=\"og:site_name\" content=\"Second Reg&#039;Art\" \/>\n<meta property=\"article:publisher\" content=\"https:\/\/www.facebook.com\/profile.php?id=61552068509131\" \/>\n<meta property=\"article:modified_time\" content=\"2025-10-01T14:37:34+00:00\" \/>\n<meta property=\"og:image\" content=\"https:\/\/secondregart.com\/wp-content\/uploads\/2023\/10\/cropped-Sans-titre-1.png\" \/>\n\t<meta property=\"og:image:width\" content=\"930\" \/>\n\t<meta property=\"og:image:height\" content=\"272\" \/>\n\t<meta property=\"og:image:type\" content=\"image\/png\" \/>\n<meta name=\"twitter:card\" content=\"summary_large_image\" \/>\n<meta name=\"twitter:label1\" content=\"Dur\u00e9e de lecture estim\u00e9e\" \/>\n\t<meta name=\"twitter:data1\" content=\"2 minutes\" \/>\n<script type=\"application\/ld+json\" class=\"yoast-schema-graph\">{\"@context\":\"https:\/\/schema.org\",\"@graph\":[{\"@type\":\"WebPage\",\"@id\":\"https:\/\/secondregart.com\/index.php\/armoire\/\",\"url\":\"https:\/\/secondregart.com\/index.php\/armoire\/\",\"name\":\"Armoire &#8211; Second Reg&#039;Art\",\"isPartOf\":{\"@id\":\"https:\/\/secondregart.com\/#website\"},\"datePublished\":\"2023-10-30T17:44:37+00:00\",\"dateModified\":\"2025-10-01T14:37:34+00:00\",\"breadcrumb\":{\"@id\":\"https:\/\/secondregart.com\/index.php\/armoire\/#breadcrumb\"},\"inLanguage\":\"fr-FR\",\"potentialAction\":[{\"@type\":\"ReadAction\",\"target\":[\"https:\/\/secondregart.com\/index.php\/armoire\/\"]}]},{\"@type\":\"BreadcrumbList\",\"@id\":\"https:\/\/secondregart.com\/index.php\/armoire\/#breadcrumb\",\"itemListElement\":[{\"@type\":\"ListItem\",\"position\":1,\"name\":\"Accueil\",\"item\":\"https:\/\/secondregart.com\/\"},{\"@type\":\"ListItem\",\"position\":2,\"name\":\"Armoire\"}]},{\"@type\":\"WebSite\",\"@id\":\"https:\/\/secondregart.com\/#website\",\"url\":\"https:\/\/secondregart.com\/\",\"name\":\"Second Reg'Art\",\"description\":\"Second Reg&#039;Art Relooking de meubles - r\u00e9novation de meubles - d\u00e9coration d&#039;int\u00e9rieur - A\u00e9rogommage\",\"publisher\":{\"@id\":\"https:\/\/secondregart.com\/#organization\"},\"alternateName\":\"Second Reg'Art\",\"potentialAction\":[{\"@type\":\"SearchAction\",\"target\":{\"@type\":\"EntryPoint\",\"urlTemplate\":\"https:\/\/secondregart.com\/?s={search_term_string}\"},\"query-input\":{\"@type\":\"PropertyValueSpecification\",\"valueRequired\":true,\"valueName\":\"search_term_string\"}}],\"inLanguage\":\"fr-FR\"},{\"@type\":\"Organization\",\"@id\":\"https:\/\/secondregart.com\/#organization\",\"name\":\"Second Reg'Art\",\"alternateName\":\"Second Reg'Art\",\"url\":\"https:\/\/secondregart.com\/\",\"logo\":{\"@type\":\"ImageObject\",\"inLanguage\":\"fr-FR\",\"@id\":\"https:\/\/secondregart.com\/#\/schema\/logo\/image\/\",\"url\":\"https:\/\/secondregart.com\/wp-content\/uploads\/2023\/10\/cropped-Sans-titre-1.png\",\"contentUrl\":\"https:\/\/secondregart.com\/wp-content\/uploads\/2023\/10\/cropped-Sans-titre-1.png\",\"width\":930,\"height\":272,\"caption\":\"Second Reg'Art\"},\"image\":{\"@id\":\"https:\/\/secondregart.com\/#\/schema\/logo\/image\/\"},\"sameAs\":[\"https:\/\/www.facebook.com\/profile.php?id=61552068509131\",\"https:\/\/www.instagram.com\/secondregart\/\"]}]}<\/script>\n<!-- \/ Yoast SEO plugin. -->","yoast_head_json":{"title":"Armoire &#8211; Second Reg&#039;Art","robots":{"index":"index","follow":"follow","max-snippet":"max-snippet:-1","max-image-preview":"max-image-preview:large","max-video-preview":"max-video-preview:-1"},"canonical":"https:\/\/secondregart.com\/index.php\/armoire\/","og_locale":"fr_FR","og_type":"article","og_title":"Armoire &#8211; Second Reg&#039;Art","og_description":"Armoires, tables, buffets,...Mobiliers vendus","og_url":"https:\/\/secondregart.com\/index.php\/armoire\/","og_site_name":"Second Reg&#039;Art","article_publisher":"https:\/\/www.facebook.com\/profile.php?id=61552068509131","article_modified_time":"2025-10-01T14:37:34+00:00","og_image":[{"width":930,"height":272,"url":"https:\/\/secondregart.com\/wp-content\/uploads\/2023\/10\/cropped-Sans-titre-1.png","type":"image\/png"}],"twitter_card":"summary_large_image","twitter_misc":{"Dur\u00e9e de lecture estim\u00e9e":"2 minutes"},"schema":{"@context":"https:\/\/schema.org","@graph":[{"@type":"WebPage","@id":"https:\/\/secondregart.com\/index.php\/armoire\/","url":"https:\/\/secondregart.com\/index.php\/armoire\/","name":"Armoire &#8211; Second Reg&#039;Art","isPartOf":{"@id":"https:\/\/secondregart.com\/#website"},"datePublished":"2023-10-30T17:44:37+00:00","dateModified":"2025-10-01T14:37:34+00:00","breadcrumb":{"@id":"https:\/\/secondregart.com\/index.php\/armoire\/#breadcrumb"},"inLanguage":"fr-FR","potentialAction":[{"@type":"ReadAction","target":["https:\/\/secondregart.com\/index.php\/armoire\/"]}]},{"@type":"BreadcrumbList","@id":"https:\/\/secondregart.com\/index.php\/armoire\/#breadcrumb","itemListElement":[{"@type":"ListItem","position":1,"name":"Accueil","item":"https:\/\/secondregart.com\/"},{"@type":"ListItem","position":2,"name":"Armoire"}]},{"@type":"WebSite","@id":"https:\/\/secondregart.com\/#website","url":"https:\/\/secondregart.com\/","name":"Second Reg'Art","description":"Second Reg&#039;Art Relooking de meubles - r\u00e9novation de meubles - d\u00e9coration d&#039;int\u00e9rieur - A\u00e9rogommage","publisher":{"@id":"https:\/\/secondregart.com\/#organization"},"alternateName":"Second Reg'Art","potentialAction":[{"@type":"SearchAction","target":{"@type":"EntryPoint","urlTemplate":"https:\/\/secondregart.com\/?s={search_term_string}"},"query-input":{"@type":"PropertyValueSpecification","valueRequired":true,"valueName":"search_term_string"}}],"inLanguage":"fr-FR"},{"@type":"Organization","@id":"https:\/\/secondregart.com\/#organization","name":"Second Reg'Art","alternateName":"Second Reg'Art","url":"https:\/\/secondregart.com\/","logo":{"@type":"ImageObject","inLanguage":"fr-FR","@id":"https:\/\/secondregart.com\/#\/schema\/logo\/image\/","url":"https:\/\/secondregart.com\/wp-content\/uploads\/2023\/10\/cropped-Sans-titre-1.png","contentUrl":"https:\/\/secondregart.com\/wp-content\/uploads\/2023\/10\/cropped-Sans-titre-1.png","width":930,"height":272,"caption":"Second Reg'Art"},"image":{"@id":"https:\/\/secondregart.com\/#\/schema\/logo\/image\/"},"sameAs":["https:\/\/www.facebook.com\/profile.php?id=61552068509131","https:\/\/www.instagram.com\/secondregart\/"]}]}},"_links":{"self":[{"href":"https:\/\/secondregart.com\/index.php\/wp-json\/wp\/v2\/pages\/527","targetHints":{"allow":["GET"]}}],"collection":[{"href":"https:\/\/secondregart.com\/index.php\/wp-json\/wp\/v2\/pages"}],"about":[{"href":"https:\/\/secondregart.com\/index.php\/wp-json\/wp\/v2\/types\/page"}],"author":[{"embeddable":true,"href":"https:\/\/secondregart.com\/index.php\/wp-json\/wp\/v2\/users\/1"}],"replies":[{"embeddable":true,"href":"https:\/\/secondregart.com\/index.php\/wp-json\/wp\/v2\/comments?post=527"}],"version-history":[{"count":16,"href":"https:\/\/secondregart.com\/index.php\/wp-json\/wp\/v2\/pages\/527\/revisions"}],"predecessor-version":[{"id":1586,"href":"https:\/\/secondregart.com\/index.php\/wp-json\/wp\/v2\/pages\/527\/revisions\/1586"}],"wp:attachment":[{"href":"https:\/\/secondregart.com\/index.php\/wp-json\/wp\/v2\/media?parent=527"}],"curies":[{"name":"wp","href":"https:\/\/api.w.org\/{rel}","templated":true}]}}