{"id":1664,"date":"2026-01-07T16:11:13","date_gmt":"2026-01-07T15:11:13","guid":{"rendered":"https:\/\/secondregart.com\/?page_id=1664"},"modified":"2026-01-07T16:21:45","modified_gmt":"2026-01-07T15:21:45","slug":"1664-2","status":"publish","type":"page","link":"https:\/\/secondregart.com\/index.php\/1664-2\/","title":{"rendered":"presse \u00e9crite"},"content":{"rendered":"<p>[et_pb_section fb_built=\u00a0\u00bb1&Prime; _builder_version=\u00a0\u00bb4.27.4&Prime; _module_preset=\u00a0\u00bbdefault\u00a0\u00bb background_color=\u00a0\u00bb#ECE6DA\u00a0\u00bb global_colors_info=\u00a0\u00bb{}\u00a0\u00bb][et_pb_row _builder_version=\u00a0\u00bb4.27.4&Prime; _module_preset=\u00a0\u00bbdefault\u00a0\u00bb global_colors_info=\u00a0\u00bb{}\u00a0\u00bb][et_pb_column type=\u00a0\u00bb4_4&Prime; _builder_version=\u00a0\u00bb4.27.4&Prime; _module_preset=\u00a0\u00bbdefault\u00a0\u00bb global_colors_info=\u00a0\u00bb{}\u00a0\u00bb][et_pb_text _builder_version=\u00a0\u00bb4.27.4&Prime; _module_preset=\u00a0\u00bbdefault\u00a0\u00bb global_colors_info=\u00a0\u00bb{}\u00a0\u00bb]<\/p>\n<h2 style=\"text-align: center;\">Presse \u00e9crite<\/h2>\n<p>[\/et_pb_text][\/et_pb_column][\/et_pb_row][et_pb_row column_structure=\u00a0\u00bb1_3,1_3,1_3&Prime; _builder_version=\u00a0\u00bb4.27.4&Prime; _module_preset=\u00a0\u00bbdefault\u00a0\u00bb global_colors_info=\u00a0\u00bb{}\u00a0\u00bb][et_pb_column _builder_version=\u00a0\u00bb4.27.4&Prime; _module_preset=\u00a0\u00bbdefault\u00a0\u00bb type=\u00a0\u00bb1_3&Prime;][et_pb_image src=\u00a0\u00bbhttps:\/\/secondregart.com\/wp-content\/uploads\/2026\/01\/Capture-decran-2026-01-07-a-16.19.38.png\u00a0\u00bb _builder_version=\u00a0\u00bb4.27.4&Prime; _module_preset=\u00a0\u00bbdefault\u00a0\u00bb title_text=\u00a0\u00bbCapture d\u2019\u00e9cran 2026-01-07 \u00e0 16.19.38&Prime; border_radii=\u00a0\u00bbon|30px|30px|30px|30px\u00a0\u00bb border_width_all=\u00a0\u00bb3px\u00a0\u00bb border_color_all=\u00a0\u00bb#C1947F\u00a0\u00bb hover_enabled=\u00a0\u00bb0&Prime; sticky_enabled=\u00a0\u00bb0&Prime;][\/et_pb_image][\/et_pb_column][et_pb_column type=\u00a0\u00bb1_3&Prime; _builder_version=\u00a0\u00bb4.27.4&Prime; _module_preset=\u00a0\u00bbdefault\u00a0\u00bb global_colors_info=\u00a0\u00bb{}\u00a0\u00bb][et_pb_image src=\u00a0\u00bbhttps:\/\/secondregart.com\/wp-content\/uploads\/2026\/01\/Capture-decran-2026-01-07-a-15.59.02.png\u00a0\u00bb title_text=\u00a0\u00bbCapture d\u2019\u00e9cran 2026-01-07 \u00e0 15.59.02&Prime; _builder_version=\u00a0\u00bb4.27.4&Prime; _module_preset=\u00a0\u00bbdefault\u00a0\u00bb border_radii=\u00a0\u00bbon|30px|30px|30px|30px\u00a0\u00bb border_width_all=\u00a0\u00bb3px\u00a0\u00bb border_color_all=\u00a0\u00bb#C1947F\u00a0\u00bb global_colors_info=\u00a0\u00bb{}\u00a0\u00bb][\/et_pb_image][\/et_pb_column][et_pb_column type=\u00a0\u00bb1_3&Prime; _builder_version=\u00a0\u00bb4.27.4&Prime; _module_preset=\u00a0\u00bbdefault\u00a0\u00bb global_colors_info=\u00a0\u00bb{}\u00a0\u00bb][\/et_pb_column][\/et_pb_row][\/et_pb_section]<\/p>\n","protected":false},"excerpt":{"rendered":"<p>Presse \u00e9crite<\/p>\n","protected":false},"author":1,"featured_media":0,"parent":0,"menu_order":0,"comment_status":"closed","ping_status":"closed","template":"","meta":{"_et_pb_use_builder":"on","_et_pb_old_content":"","_et_gb_content_width":"","footnotes":""},"class_list":["post-1664","page","type-page","status-publish","hentry"],"yoast_head":"<!-- This site is optimized with the Yoast SEO plugin v25.9 - https:\/\/yoast.com\/wordpress\/plugins\/seo\/ -->\n<title>presse \u00e9crite &#8211; Second Reg&#039;Art<\/title>\n<meta name=\"robots\" content=\"index, follow, max-snippet:-1, max-image-preview:large, max-video-preview:-1\" \/>\n<link rel=\"canonical\" href=\"https:\/\/secondregart.com\/index.php\/1664-2\/\" \/>\n<meta property=\"og:locale\" content=\"fr_FR\" \/>\n<meta property=\"og:type\" content=\"article\" \/>\n<meta property=\"og:title\" content=\"presse \u00e9crite &#8211; Second Reg&#039;Art\" \/>\n<meta property=\"og:description\" content=\"Presse \u00e9crite\" \/>\n<meta property=\"og:url\" content=\"https:\/\/secondregart.com\/index.php\/1664-2\/\" \/>\n<meta property=\"og:site_name\" content=\"Second Reg&#039;Art\" \/>\n<meta property=\"article:publisher\" content=\"https:\/\/www.facebook.com\/profile.php?id=61552068509131\" \/>\n<meta property=\"article:modified_time\" content=\"2026-01-07T15:21:45+00:00\" \/>\n<meta property=\"og:image\" content=\"https:\/\/secondregart.com\/wp-content\/uploads\/2023\/10\/cropped-Sans-titre-1.png\" \/>\n\t<meta property=\"og:image:width\" content=\"930\" \/>\n\t<meta property=\"og:image:height\" content=\"272\" \/>\n\t<meta property=\"og:image:type\" content=\"image\/png\" \/>\n<meta name=\"twitter:card\" content=\"summary_large_image\" \/>\n<meta name=\"twitter:label1\" content=\"Dur\u00e9e de lecture estim\u00e9e\" \/>\n\t<meta name=\"twitter:data1\" content=\"1 minute\" \/>\n<script type=\"application\/ld+json\" class=\"yoast-schema-graph\">{\"@context\":\"https:\/\/schema.org\",\"@graph\":[{\"@type\":\"WebPage\",\"@id\":\"https:\/\/secondregart.com\/index.php\/1664-2\/\",\"url\":\"https:\/\/secondregart.com\/index.php\/1664-2\/\",\"name\":\"presse \u00e9crite &#8211; Second Reg&#039;Art\",\"isPartOf\":{\"@id\":\"https:\/\/secondregart.com\/#website\"},\"datePublished\":\"2026-01-07T15:11:13+00:00\",\"dateModified\":\"2026-01-07T15:21:45+00:00\",\"breadcrumb\":{\"@id\":\"https:\/\/secondregart.com\/index.php\/1664-2\/#breadcrumb\"},\"inLanguage\":\"fr-FR\",\"potentialAction\":[{\"@type\":\"ReadAction\",\"target\":[\"https:\/\/secondregart.com\/index.php\/1664-2\/\"]}]},{\"@type\":\"BreadcrumbList\",\"@id\":\"https:\/\/secondregart.com\/index.php\/1664-2\/#breadcrumb\",\"itemListElement\":[{\"@type\":\"ListItem\",\"position\":1,\"name\":\"Accueil\",\"item\":\"https:\/\/secondregart.com\/\"},{\"@type\":\"ListItem\",\"position\":2,\"name\":\"presse \u00e9crite\"}]},{\"@type\":\"WebSite\",\"@id\":\"https:\/\/secondregart.com\/#website\",\"url\":\"https:\/\/secondregart.com\/\",\"name\":\"Second Reg'Art\",\"description\":\"Second Reg&#039;Art Relooking de meubles - r\u00e9novation de meubles - d\u00e9coration d&#039;int\u00e9rieur - A\u00e9rogommage\",\"publisher\":{\"@id\":\"https:\/\/secondregart.com\/#organization\"},\"alternateName\":\"Second Reg'Art\",\"potentialAction\":[{\"@type\":\"SearchAction\",\"target\":{\"@type\":\"EntryPoint\",\"urlTemplate\":\"https:\/\/secondregart.com\/?s={search_term_string}\"},\"query-input\":{\"@type\":\"PropertyValueSpecification\",\"valueRequired\":true,\"valueName\":\"search_term_string\"}}],\"inLanguage\":\"fr-FR\"},{\"@type\":\"Organization\",\"@id\":\"https:\/\/secondregart.com\/#organization\",\"name\":\"Second Reg'Art\",\"alternateName\":\"Second Reg'Art\",\"url\":\"https:\/\/secondregart.com\/\",\"logo\":{\"@type\":\"ImageObject\",\"inLanguage\":\"fr-FR\",\"@id\":\"https:\/\/secondregart.com\/#\/schema\/logo\/image\/\",\"url\":\"https:\/\/secondregart.com\/wp-content\/uploads\/2023\/10\/cropped-Sans-titre-1.png\",\"contentUrl\":\"https:\/\/secondregart.com\/wp-content\/uploads\/2023\/10\/cropped-Sans-titre-1.png\",\"width\":930,\"height\":272,\"caption\":\"Second Reg'Art\"},\"image\":{\"@id\":\"https:\/\/secondregart.com\/#\/schema\/logo\/image\/\"},\"sameAs\":[\"https:\/\/www.facebook.com\/profile.php?id=61552068509131\",\"https:\/\/www.instagram.com\/secondregart\/\"]}]}<\/script>\n<!-- \/ Yoast SEO plugin. -->","yoast_head_json":{"title":"presse \u00e9crite &#8211; Second Reg&#039;Art","robots":{"index":"index","follow":"follow","max-snippet":"max-snippet:-1","max-image-preview":"max-image-preview:large","max-video-preview":"max-video-preview:-1"},"canonical":"https:\/\/secondregart.com\/index.php\/1664-2\/","og_locale":"fr_FR","og_type":"article","og_title":"presse \u00e9crite &#8211; Second Reg&#039;Art","og_description":"Presse \u00e9crite","og_url":"https:\/\/secondregart.com\/index.php\/1664-2\/","og_site_name":"Second Reg&#039;Art","article_publisher":"https:\/\/www.facebook.com\/profile.php?id=61552068509131","article_modified_time":"2026-01-07T15:21:45+00:00","og_image":[{"width":930,"height":272,"url":"https:\/\/secondregart.com\/wp-content\/uploads\/2023\/10\/cropped-Sans-titre-1.png","type":"image\/png"}],"twitter_card":"summary_large_image","twitter_misc":{"Dur\u00e9e de lecture estim\u00e9e":"1 minute"},"schema":{"@context":"https:\/\/schema.org","@graph":[{"@type":"WebPage","@id":"https:\/\/secondregart.com\/index.php\/1664-2\/","url":"https:\/\/secondregart.com\/index.php\/1664-2\/","name":"presse \u00e9crite &#8211; Second Reg&#039;Art","isPartOf":{"@id":"https:\/\/secondregart.com\/#website"},"datePublished":"2026-01-07T15:11:13+00:00","dateModified":"2026-01-07T15:21:45+00:00","breadcrumb":{"@id":"https:\/\/secondregart.com\/index.php\/1664-2\/#breadcrumb"},"inLanguage":"fr-FR","potentialAction":[{"@type":"ReadAction","target":["https:\/\/secondregart.com\/index.php\/1664-2\/"]}]},{"@type":"BreadcrumbList","@id":"https:\/\/secondregart.com\/index.php\/1664-2\/#breadcrumb","itemListElement":[{"@type":"ListItem","position":1,"name":"Accueil","item":"https:\/\/secondregart.com\/"},{"@type":"ListItem","position":2,"name":"presse \u00e9crite"}]},{"@type":"WebSite","@id":"https:\/\/secondregart.com\/#website","url":"https:\/\/secondregart.com\/","name":"Second Reg'Art","description":"Second Reg&#039;Art Relooking de meubles - r\u00e9novation de meubles - d\u00e9coration d&#039;int\u00e9rieur - A\u00e9rogommage","publisher":{"@id":"https:\/\/secondregart.com\/#organization"},"alternateName":"Second Reg'Art","potentialAction":[{"@type":"SearchAction","target":{"@type":"EntryPoint","urlTemplate":"https:\/\/secondregart.com\/?s={search_term_string}"},"query-input":{"@type":"PropertyValueSpecification","valueRequired":true,"valueName":"search_term_string"}}],"inLanguage":"fr-FR"},{"@type":"Organization","@id":"https:\/\/secondregart.com\/#organization","name":"Second Reg'Art","alternateName":"Second Reg'Art","url":"https:\/\/secondregart.com\/","logo":{"@type":"ImageObject","inLanguage":"fr-FR","@id":"https:\/\/secondregart.com\/#\/schema\/logo\/image\/","url":"https:\/\/secondregart.com\/wp-content\/uploads\/2023\/10\/cropped-Sans-titre-1.png","contentUrl":"https:\/\/secondregart.com\/wp-content\/uploads\/2023\/10\/cropped-Sans-titre-1.png","width":930,"height":272,"caption":"Second Reg'Art"},"image":{"@id":"https:\/\/secondregart.com\/#\/schema\/logo\/image\/"},"sameAs":["https:\/\/www.facebook.com\/profile.php?id=61552068509131","https:\/\/www.instagram.com\/secondregart\/"]}]}},"_links":{"self":[{"href":"https:\/\/secondregart.com\/index.php\/wp-json\/wp\/v2\/pages\/1664","targetHints":{"allow":["GET"]}}],"collection":[{"href":"https:\/\/secondregart.com\/index.php\/wp-json\/wp\/v2\/pages"}],"about":[{"href":"https:\/\/secondregart.com\/index.php\/wp-json\/wp\/v2\/types\/page"}],"author":[{"embeddable":true,"href":"https:\/\/secondregart.com\/index.php\/wp-json\/wp\/v2\/users\/1"}],"replies":[{"embeddable":true,"href":"https:\/\/secondregart.com\/index.php\/wp-json\/wp\/v2\/comments?post=1664"}],"version-history":[{"count":6,"href":"https:\/\/secondregart.com\/index.php\/wp-json\/wp\/v2\/pages\/1664\/revisions"}],"predecessor-version":[{"id":1678,"href":"https:\/\/secondregart.com\/index.php\/wp-json\/wp\/v2\/pages\/1664\/revisions\/1678"}],"wp:attachment":[{"href":"https:\/\/secondregart.com\/index.php\/wp-json\/wp\/v2\/media?parent=1664"}],"curies":[{"name":"wp","href":"https:\/\/api.w.org\/{rel}","templated":true}]}}