{"id":1096,"date":"2024-03-08T22:26:34","date_gmt":"2024-03-08T21:26:34","guid":{"rendered":"https:\/\/secondregart.com\/?page_id=1096"},"modified":"2026-01-07T11:23:04","modified_gmt":"2026-01-07T10:23:04","slug":"nous-renovons","status":"publish","type":"page","link":"https:\/\/secondregart.com\/index.php\/nous-renovons\/","title":{"rendered":"Nous r\u00e9novons"},"content":{"rendered":"<p>[et_pb_section fb_built=\u00a0\u00bb1&Prime; _builder_version=\u00a0\u00bb4.24.0&Prime; _module_preset=\u00a0\u00bbdefault\u00a0\u00bb background_color=\u00a0\u00bb#ece6db\u00a0\u00bb global_colors_info=\u00a0\u00bb{}\u00a0\u00bb][et_pb_row _builder_version=\u00a0\u00bb4.24.0&Prime; _module_preset=\u00a0\u00bbdefault\u00a0\u00bb global_colors_info=\u00a0\u00bb{}\u00a0\u00bb][et_pb_column type=\u00a0\u00bb4_4&Prime; _builder_version=\u00a0\u00bb4.24.0&Prime; _module_preset=\u00a0\u00bbdefault\u00a0\u00bb global_colors_info=\u00a0\u00bb{}\u00a0\u00bb][et_pb_text _builder_version=\u00a0\u00bb4.27.4&Prime; _module_preset=\u00a0\u00bbdefault\u00a0\u00bb hover_enabled=\u00a0\u00bb0&Prime; sticky_enabled=\u00a0\u00bb0&Prime;]<\/p>\n<h2 style=\"text-align: center;\"><span style=\"font-size: xx-large;\">Nous r\u00e9novons<\/span><\/h2>\n<p>[\/et_pb_text][\/et_pb_column][\/et_pb_row][et_pb_row _builder_version=\u00a0\u00bb4.27.4&Prime; _module_preset=\u00a0\u00bbdefault\u00a0\u00bb column_structure=\u00a0\u00bb1_3,1_3,1_3&Prime;][et_pb_column _builder_version=\u00a0\u00bb4.27.4&Prime; _module_preset=\u00a0\u00bbdefault\u00a0\u00bb type=\u00a0\u00bb1_3&Prime;][et_pb_image src=\u00a0\u00bbhttps:\/\/secondregart.com\/wp-content\/uploads\/2026\/01\/IMG_4998-rotated.jpg\u00a0\u00bb _builder_version=\u00a0\u00bb4.27.4&Prime; _module_preset=\u00a0\u00bbdefault\u00a0\u00bb title_text=\u00a0\u00bbIMG_4998&Prime; border_radii=\u00a0\u00bbon|30px|30px|30px|30px\u00a0\u00bb border_width_all=\u00a0\u00bb3px\u00a0\u00bb border_color_all=\u00a0\u00bb#C1947F\u00a0\u00bb hover_enabled=\u00a0\u00bb0&Prime; sticky_enabled=\u00a0\u00bb0&Prime;][\/et_pb_image][\/et_pb_column][et_pb_column _builder_version=\u00a0\u00bb4.27.4&Prime; _module_preset=\u00a0\u00bbdefault\u00a0\u00bb type=\u00a0\u00bb1_3&Prime;][et_pb_image src=\u00a0\u00bbhttps:\/\/secondregart.com\/wp-content\/uploads\/2026\/01\/IMG_1517.png\u00a0\u00bb _builder_version=\u00a0\u00bb4.27.4&Prime; _module_preset=\u00a0\u00bbdefault\u00a0\u00bb title_text=\u00a0\u00bbIMG_1517&Prime; border_radii=\u00a0\u00bbon|30px|30px|30px|30px\u00a0\u00bb border_width_all=\u00a0\u00bb3px\u00a0\u00bb border_color_all=\u00a0\u00bb#C1947F\u00a0\u00bb hover_enabled=\u00a0\u00bb0&Prime; sticky_enabled=\u00a0\u00bb0&Prime; height=\u00a0\u00bb448px\u00a0\u00bb custom_padding=\u00a0\u00bb|||40px|false|false\u00a0\u00bb][\/et_pb_image][\/et_pb_column][et_pb_column _builder_version=\u00a0\u00bb4.27.4&Prime; _module_preset=\u00a0\u00bbdefault\u00a0\u00bb type=\u00a0\u00bb1_3&Prime;][et_pb_image src=\u00a0\u00bbhttps:\/\/secondregart.com\/wp-content\/uploads\/2026\/01\/IMG_4404-scaled.jpg\u00a0\u00bb _builder_version=\u00a0\u00bb4.27.4&Prime; _module_preset=\u00a0\u00bbdefault\u00a0\u00bb title_text=\u00a0\u00bbIMG_4404&Prime; border_radii=\u00a0\u00bbon|30px|30px|30px|30px\u00a0\u00bb border_width_all=\u00a0\u00bb3px\u00a0\u00bb border_color_all=\u00a0\u00bb#C1947F\u00a0\u00bb hover_enabled=\u00a0\u00bb0&Prime; sticky_enabled=\u00a0\u00bb0&Prime;][\/et_pb_image][\/et_pb_column][\/et_pb_row][et_pb_row _builder_version=\u00a0\u00bb4.24.0&Prime; _module_preset=\u00a0\u00bbdefault\u00a0\u00bb global_colors_info=\u00a0\u00bb{}\u00a0\u00bb][et_pb_column type=\u00a0\u00bb4_4&Prime; _builder_version=\u00a0\u00bb4.24.0&Prime; _module_preset=\u00a0\u00bbdefault\u00a0\u00bb global_colors_info=\u00a0\u00bb{}\u00a0\u00bb][et_pb_text _builder_version=\u00a0\u00bb4.24.0&Prime; _module_preset=\u00a0\u00bbdefault\u00a0\u00bb text_orientation=\u00a0\u00bbjustified\u00a0\u00bb global_colors_info=\u00a0\u00bb{}\u00a0\u00bb]<\/p>\n<div class=\"wp-block-group\">\n<div class=\"wp-block-columns\">\n<div class=\"wp-block-column\" style=\"flex-basis: 100%;\">\n<div class=\"wp-block-group\">\n<div class=\"wp-block-columns\">\n<div class=\"wp-block-column\" style=\"flex-basis: 100%;\">\n<div class=\"wp-block-columns\">\n<div class=\"wp-block-column\" style=\"flex-basis: 100%;\">\n<div class=\"wp-block-group\">\n<h2 style=\"text-align: left;\"><strong><span style=\"font-size: 20px;\">Nous vous proposons diff\u00e9rentes prestations :<\/span><\/strong><\/h2>\n<p><strong><span style=\"font-size: 20px;\"><\/span><\/strong><\/p>\n<p><strong><span style=\"font-size: 20px;\"><\/span><\/strong><\/p>\n<p style=\"text-align: justify;\"><span style=\"font-size: 20px;\">Si vous cherchez un meuble unique, nous r\u00e9novons des meubles que nous achetons en seconde main. Nous avons une collection de meubles r\u00e9nov\u00e9s qui n&rsquo;attendent que leur future maison. Si un meuble vous int\u00e9resse, vous pouvez nous envoyer un message via \u00ab\u00a0contact\u00a0\u00bb, en nous donnant le nom du meuble et sa r\u00e9f\u00e9rence.<\/span><\/p>\n<p><!-- \/divi:freeform --> <!-- divi:freeform --><\/p>\n<p style=\"text-align: justify;\"><span style=\"font-size: 20px;\">Certains de nos meubles, sont juste d\u00e9cap\u00e9s et ponc\u00e9s. Il ne vous reste plus qu&rsquo;\u00e0 faire votre choix. Nous nous adaptons \u00e0 votre go\u00fbt pour faire la finition qu&rsquo;il vous convient et suivant la place qu&rsquo;il occupera chez vous. Si vous avez fait votre choix, vous pouvez nous envoyer un message via \u00ab\u00a0contact\u00a0\u00bb, en nous indiquant le nom du meuble.<\/span><\/p>\n<p style=\"text-align: justify;\"><span style=\"font-size: 20px;\"><\/span><\/p>\n<p><!-- \/divi:freeform --><\/p>\n<\/div>\n<p><!-- \/divi:group --><\/p>\n<\/div>\n<p><!-- \/divi:column --><\/p>\n<\/div>\n<p><!-- \/divi:columns --><\/p>\n<\/div>\n<p><!-- \/divi:column --><\/p>\n<\/div>\n<p><!-- \/divi:columns --><\/p>\n<\/div>\n<p><!-- \/divi:group --><\/p>\n<\/div>\n<p><!-- \/divi:column --><\/p>\n<\/div>\n<p><!-- \/divi:columns --><\/p>\n<\/div>\n<div class=\"wp-block-group\"><\/div>\n<div class=\"wp-block-group\"><\/div>\n<div class=\"wp-block-group\"><\/div>\n<div class=\"wp-block-group\"><\/div>\n<div class=\"wp-block-group\"><\/div>\n<div class=\"wp-block-group\"><\/div>\n<div class=\"wp-block-group\"><\/div>\n<div class=\"wp-block-group\"><\/div>\n<p><span style=\"font-size: 20px;\">Si vous avez un meuble auquel vous tenez, que vous voulez lui donner une seconde jeunesse, vous pouvez nous le confier afin que nous le relookions pour vous. Dans ce cas, Vous pouvez nous envoyer un message via \u00ab\u00a0contact\u00a0\u00bb, en pr\u00e9cisant le type de meuble et ses dimensions. Nous prenons rendez-vous afin de faire le diagnostique de votre meuble, nous vous accompagnons dans vos choix de relooking.<\/span><\/p>\n<p><!-- divi:freeform --><\/p>\n<p><!-- \/divi:freeform --><\/p>\n<p><!-- divi:freeform --><\/p>\n<p style=\"text-align: justify;\"><span style=\"font-size: 20px;\"> Suivant vos besoins, nous pouvons chiner un meuble pour vous \u00e9galement et le r\u00e9nover. Nous pouvons trouver votre p\u00e9pite! Il suffit de nous contacter.<\/span><\/p>\n<p style=\"text-align: justify;\"><span style=\"font-size: 20px;\"><\/span><\/p>\n<p style=\"text-align: justify;\">\n<p>&nbsp;<\/p>\n<p>[\/et_pb_text][\/et_pb_column][\/et_pb_row][et_pb_row _builder_version=\u00a0\u00bb4.27.4&Prime; _module_preset=\u00a0\u00bbdefault\u00a0\u00bb column_structure=\u00a0\u00bb1_2,1_2&Prime;][et_pb_column _builder_version=\u00a0\u00bb4.27.4&Prime; _module_preset=\u00a0\u00bbdefault\u00a0\u00bb type=\u00a0\u00bb1_2&Prime;][et_pb_image src=\u00a0\u00bbhttps:\/\/secondregart.com\/wp-content\/uploads\/2026\/01\/Bon-cadeau-renovation-copie.jpg\u00a0\u00bb _builder_version=\u00a0\u00bb4.27.4&Prime; _module_preset=\u00a0\u00bbdefault\u00a0\u00bb title_text=\u00a0\u00bbScreenshot\u00a0\u00bb border_radii=\u00a0\u00bbon|30px|30px|30px|30px\u00a0\u00bb border_width_all=\u00a0\u00bb3px\u00a0\u00bb border_color_all=\u00a0\u00bb#C1947F\u00a0\u00bb hover_enabled=\u00a0\u00bb0&Prime; sticky_enabled=\u00a0\u00bb0&Prime;][\/et_pb_image][\/et_pb_column][et_pb_column _builder_version=\u00a0\u00bb4.27.4&Prime; _module_preset=\u00a0\u00bbdefault\u00a0\u00bb type=\u00a0\u00bb1_2&Prime;][et_pb_text _builder_version=\u00a0\u00bb4.27.4&Prime; _module_preset=\u00a0\u00bbdefault\u00a0\u00bb hover_enabled=\u00a0\u00bb0&Prime; sticky_enabled=\u00a0\u00bb0&Prime;]<\/p>\n<h2 style=\"text-align: center;\">Bon cadeau<\/h2>\n<p>Vous pouvez offrir un bon cadeau \u00e0 un proche pour toutes les occasions afin que nous r\u00e9novions un meuble pour cette personne. Pour toutes informations cliquez sur \u00ab\u00a0contact\u00a0\u00bb.<\/p>\n<p>[\/et_pb_text][\/et_pb_column][\/et_pb_row][\/et_pb_section]<\/p>\n","protected":false},"excerpt":{"rendered":"<p>Nous r\u00e9novons Nous vous proposons diff\u00e9rentes prestations : Si vous cherchez un meuble unique, nous r\u00e9novons des meubles que nous achetons en seconde main. Nous avons une collection de meubles r\u00e9nov\u00e9s qui n&rsquo;attendent que leur future maison. Si un meuble vous int\u00e9resse, vous pouvez nous envoyer un message via \u00ab\u00a0contact\u00a0\u00bb, en nous donnant le nom [&hellip;]<\/p>\n","protected":false},"author":1,"featured_media":0,"parent":0,"menu_order":0,"comment_status":"closed","ping_status":"closed","template":"","meta":{"_et_pb_use_builder":"on","_et_pb_old_content":"","_et_gb_content_width":"","footnotes":""},"class_list":["post-1096","page","type-page","status-publish","hentry"],"yoast_head":"<!-- This site is optimized with the Yoast SEO plugin v25.9 - https:\/\/yoast.com\/wordpress\/plugins\/seo\/ -->\n<title>Nous r\u00e9novons &#8211; Second Reg&#039;Art<\/title>\n<meta name=\"robots\" content=\"index, follow, max-snippet:-1, max-image-preview:large, max-video-preview:-1\" \/>\n<link rel=\"canonical\" href=\"https:\/\/secondregart.com\/index.php\/nous-renovons\/\" \/>\n<meta property=\"og:locale\" content=\"fr_FR\" \/>\n<meta property=\"og:type\" content=\"article\" \/>\n<meta property=\"og:title\" content=\"Nous r\u00e9novons &#8211; Second Reg&#039;Art\" \/>\n<meta property=\"og:description\" content=\"Nous r\u00e9novons Nous vous proposons diff\u00e9rentes prestations : Si vous cherchez un meuble unique, nous r\u00e9novons des meubles que nous achetons en seconde main. Nous avons une collection de meubles r\u00e9nov\u00e9s qui n&#039;attendent que leur future maison. Si un meuble vous int\u00e9resse, vous pouvez nous envoyer un message via &quot;contact&quot;, en nous donnant le nom [&hellip;]\" \/>\n<meta property=\"og:url\" content=\"https:\/\/secondregart.com\/index.php\/nous-renovons\/\" \/>\n<meta property=\"og:site_name\" content=\"Second Reg&#039;Art\" \/>\n<meta property=\"article:publisher\" content=\"https:\/\/www.facebook.com\/profile.php?id=61552068509131\" \/>\n<meta property=\"article:modified_time\" content=\"2026-01-07T10:23:04+00:00\" \/>\n<meta property=\"og:image\" content=\"https:\/\/secondregart.com\/wp-content\/uploads\/2023\/10\/cropped-Sans-titre-1.png\" \/>\n\t<meta property=\"og:image:width\" content=\"930\" \/>\n\t<meta property=\"og:image:height\" content=\"272\" \/>\n\t<meta property=\"og:image:type\" content=\"image\/png\" \/>\n<meta name=\"twitter:card\" content=\"summary_large_image\" \/>\n<script type=\"application\/ld+json\" class=\"yoast-schema-graph\">{\"@context\":\"https:\/\/schema.org\",\"@graph\":[{\"@type\":\"WebPage\",\"@id\":\"https:\/\/secondregart.com\/index.php\/nous-renovons\/\",\"url\":\"https:\/\/secondregart.com\/index.php\/nous-renovons\/\",\"name\":\"Nous r\u00e9novons &#8211; Second Reg&#039;Art\",\"isPartOf\":{\"@id\":\"https:\/\/secondregart.com\/#website\"},\"datePublished\":\"2024-03-08T21:26:34+00:00\",\"dateModified\":\"2026-01-07T10:23:04+00:00\",\"breadcrumb\":{\"@id\":\"https:\/\/secondregart.com\/index.php\/nous-renovons\/#breadcrumb\"},\"inLanguage\":\"fr-FR\",\"potentialAction\":[{\"@type\":\"ReadAction\",\"target\":[\"https:\/\/secondregart.com\/index.php\/nous-renovons\/\"]}]},{\"@type\":\"BreadcrumbList\",\"@id\":\"https:\/\/secondregart.com\/index.php\/nous-renovons\/#breadcrumb\",\"itemListElement\":[{\"@type\":\"ListItem\",\"position\":1,\"name\":\"Accueil\",\"item\":\"https:\/\/secondregart.com\/\"},{\"@type\":\"ListItem\",\"position\":2,\"name\":\"Nous r\u00e9novons\"}]},{\"@type\":\"WebSite\",\"@id\":\"https:\/\/secondregart.com\/#website\",\"url\":\"https:\/\/secondregart.com\/\",\"name\":\"Second Reg'Art\",\"description\":\"Second Reg&#039;Art Relooking de meubles - r\u00e9novation de meubles - d\u00e9coration d&#039;int\u00e9rieur - A\u00e9rogommage\",\"publisher\":{\"@id\":\"https:\/\/secondregart.com\/#organization\"},\"alternateName\":\"Second Reg'Art\",\"potentialAction\":[{\"@type\":\"SearchAction\",\"target\":{\"@type\":\"EntryPoint\",\"urlTemplate\":\"https:\/\/secondregart.com\/?s={search_term_string}\"},\"query-input\":{\"@type\":\"PropertyValueSpecification\",\"valueRequired\":true,\"valueName\":\"search_term_string\"}}],\"inLanguage\":\"fr-FR\"},{\"@type\":\"Organization\",\"@id\":\"https:\/\/secondregart.com\/#organization\",\"name\":\"Second Reg'Art\",\"alternateName\":\"Second Reg'Art\",\"url\":\"https:\/\/secondregart.com\/\",\"logo\":{\"@type\":\"ImageObject\",\"inLanguage\":\"fr-FR\",\"@id\":\"https:\/\/secondregart.com\/#\/schema\/logo\/image\/\",\"url\":\"https:\/\/secondregart.com\/wp-content\/uploads\/2023\/10\/cropped-Sans-titre-1.png\",\"contentUrl\":\"https:\/\/secondregart.com\/wp-content\/uploads\/2023\/10\/cropped-Sans-titre-1.png\",\"width\":930,\"height\":272,\"caption\":\"Second Reg'Art\"},\"image\":{\"@id\":\"https:\/\/secondregart.com\/#\/schema\/logo\/image\/\"},\"sameAs\":[\"https:\/\/www.facebook.com\/profile.php?id=61552068509131\",\"https:\/\/www.instagram.com\/secondregart\/\"]}]}<\/script>\n<!-- \/ Yoast SEO plugin. -->","yoast_head_json":{"title":"Nous r\u00e9novons &#8211; Second Reg&#039;Art","robots":{"index":"index","follow":"follow","max-snippet":"max-snippet:-1","max-image-preview":"max-image-preview:large","max-video-preview":"max-video-preview:-1"},"canonical":"https:\/\/secondregart.com\/index.php\/nous-renovons\/","og_locale":"fr_FR","og_type":"article","og_title":"Nous r\u00e9novons &#8211; Second Reg&#039;Art","og_description":"Nous r\u00e9novons Nous vous proposons diff\u00e9rentes prestations : Si vous cherchez un meuble unique, nous r\u00e9novons des meubles que nous achetons en seconde main. Nous avons une collection de meubles r\u00e9nov\u00e9s qui n'attendent que leur future maison. Si un meuble vous int\u00e9resse, vous pouvez nous envoyer un message via \"contact\", en nous donnant le nom [&hellip;]","og_url":"https:\/\/secondregart.com\/index.php\/nous-renovons\/","og_site_name":"Second Reg&#039;Art","article_publisher":"https:\/\/www.facebook.com\/profile.php?id=61552068509131","article_modified_time":"2026-01-07T10:23:04+00:00","og_image":[{"width":930,"height":272,"url":"https:\/\/secondregart.com\/wp-content\/uploads\/2023\/10\/cropped-Sans-titre-1.png","type":"image\/png"}],"twitter_card":"summary_large_image","schema":{"@context":"https:\/\/schema.org","@graph":[{"@type":"WebPage","@id":"https:\/\/secondregart.com\/index.php\/nous-renovons\/","url":"https:\/\/secondregart.com\/index.php\/nous-renovons\/","name":"Nous r\u00e9novons &#8211; Second Reg&#039;Art","isPartOf":{"@id":"https:\/\/secondregart.com\/#website"},"datePublished":"2024-03-08T21:26:34+00:00","dateModified":"2026-01-07T10:23:04+00:00","breadcrumb":{"@id":"https:\/\/secondregart.com\/index.php\/nous-renovons\/#breadcrumb"},"inLanguage":"fr-FR","potentialAction":[{"@type":"ReadAction","target":["https:\/\/secondregart.com\/index.php\/nous-renovons\/"]}]},{"@type":"BreadcrumbList","@id":"https:\/\/secondregart.com\/index.php\/nous-renovons\/#breadcrumb","itemListElement":[{"@type":"ListItem","position":1,"name":"Accueil","item":"https:\/\/secondregart.com\/"},{"@type":"ListItem","position":2,"name":"Nous r\u00e9novons"}]},{"@type":"WebSite","@id":"https:\/\/secondregart.com\/#website","url":"https:\/\/secondregart.com\/","name":"Second Reg'Art","description":"Second Reg&#039;Art Relooking de meubles - r\u00e9novation de meubles - d\u00e9coration d&#039;int\u00e9rieur - A\u00e9rogommage","publisher":{"@id":"https:\/\/secondregart.com\/#organization"},"alternateName":"Second Reg'Art","potentialAction":[{"@type":"SearchAction","target":{"@type":"EntryPoint","urlTemplate":"https:\/\/secondregart.com\/?s={search_term_string}"},"query-input":{"@type":"PropertyValueSpecification","valueRequired":true,"valueName":"search_term_string"}}],"inLanguage":"fr-FR"},{"@type":"Organization","@id":"https:\/\/secondregart.com\/#organization","name":"Second Reg'Art","alternateName":"Second Reg'Art","url":"https:\/\/secondregart.com\/","logo":{"@type":"ImageObject","inLanguage":"fr-FR","@id":"https:\/\/secondregart.com\/#\/schema\/logo\/image\/","url":"https:\/\/secondregart.com\/wp-content\/uploads\/2023\/10\/cropped-Sans-titre-1.png","contentUrl":"https:\/\/secondregart.com\/wp-content\/uploads\/2023\/10\/cropped-Sans-titre-1.png","width":930,"height":272,"caption":"Second Reg'Art"},"image":{"@id":"https:\/\/secondregart.com\/#\/schema\/logo\/image\/"},"sameAs":["https:\/\/www.facebook.com\/profile.php?id=61552068509131","https:\/\/www.instagram.com\/secondregart\/"]}]}},"_links":{"self":[{"href":"https:\/\/secondregart.com\/index.php\/wp-json\/wp\/v2\/pages\/1096","targetHints":{"allow":["GET"]}}],"collection":[{"href":"https:\/\/secondregart.com\/index.php\/wp-json\/wp\/v2\/pages"}],"about":[{"href":"https:\/\/secondregart.com\/index.php\/wp-json\/wp\/v2\/types\/page"}],"author":[{"embeddable":true,"href":"https:\/\/secondregart.com\/index.php\/wp-json\/wp\/v2\/users\/1"}],"replies":[{"embeddable":true,"href":"https:\/\/secondregart.com\/index.php\/wp-json\/wp\/v2\/comments?post=1096"}],"version-history":[{"count":6,"href":"https:\/\/secondregart.com\/index.php\/wp-json\/wp\/v2\/pages\/1096\/revisions"}],"predecessor-version":[{"id":1633,"href":"https:\/\/secondregart.com\/index.php\/wp-json\/wp\/v2\/pages\/1096\/revisions\/1633"}],"wp:attachment":[{"href":"https:\/\/secondregart.com\/index.php\/wp-json\/wp\/v2\/media?parent=1096"}],"curies":[{"name":"wp","href":"https:\/\/api.w.org\/{rel}","templated":true}]}}